{"id":110322,"date":"2025-11-04T05:39:09","date_gmt":"2025-11-04T03:39:09","guid":{"rendered":"https:\/\/automatic.ee\/toode\/keraamiline-laikeparandaja-750ml\/"},"modified":"2025-11-04T05:39:09","modified_gmt":"2025-11-04T03:39:09","slug":"keraamiline-laikeparandaja-750ml","status":"publish","type":"product","link":"https:\/\/automatic.ee\/ru\/toode\/keraamiline-laikeparandaja-750ml\/","title":{"rendered":"KERAAMILINE L\u00c4IKEPARANDAJA 750ML"},"content":{"rendered":"<p>SONAX 268-400<\/p>\n<p><strong>Kasutamine: <\/strong>peske ja kuivatage auto. Raputage pudelit enne kasutamist. P\u00f6\u00f6rake otsik pihustusasendisse ja pihustage ainet mikrokiudlapile. Kandke toodet \u00f5hukeselt ja \u00fchtlaselt pindadele \u00fcks detail korraga. P\u00fchkige koheselt j\u00e4\u00e4gid \u00e4ra kuiva mikrokiudlapiga. <strong>T\u00e4helepanu: <\/strong>mitte kasutada kuumadel pindadel. Mitte lasta pinnale kuivada. Hoida k\u00fclmumise eest.<\/p>\n","protected":false},"excerpt":{"rendered":"<p>268-400 SONAX<\/p>\n","protected":false},"featured_media":110319,"comment_status":"open","ping_status":"closed","template":"","meta":{"colormag_page_container_layout":"default_layout","colormag_page_sidebar_layout":"default_layout"},"product_brand":[],"product_cat":[108],"product_tag":[],"class_list":{"0":"post-110322","1":"product","2":"type-product","3":"status-publish","4":"has-post-thumbnail","6":"product_cat-misc","8":"first","9":"instock","10":"shipping-taxable","11":"purchasable","12":"product-type-simple"},"_links":{"self":[{"href":"https:\/\/automatic.ee\/ru\/wp-json\/wp\/v2\/product\/110322","targetHints":{"allow":["GET"]}}],"collection":[{"href":"https:\/\/automatic.ee\/ru\/wp-json\/wp\/v2\/product"}],"about":[{"href":"https:\/\/automatic.ee\/ru\/wp-json\/wp\/v2\/types\/product"}],"replies":[{"embeddable":true,"href":"https:\/\/automatic.ee\/ru\/wp-json\/wp\/v2\/comments?post=110322"}],"wp:featuredmedia":[{"embeddable":true,"href":"https:\/\/automatic.ee\/ru\/wp-json\/wp\/v2\/media\/110319"}],"wp:attachment":[{"href":"https:\/\/automatic.ee\/ru\/wp-json\/wp\/v2\/media?parent=110322"}],"wp:term":[{"taxonomy":"product_brand","embeddable":true,"href":"https:\/\/automatic.ee\/ru\/wp-json\/wp\/v2\/product_brand?post=110322"},{"taxonomy":"product_cat","embeddable":true,"href":"https:\/\/automatic.ee\/ru\/wp-json\/wp\/v2\/product_cat?post=110322"},{"taxonomy":"product_tag","embeddable":true,"href":"https:\/\/automatic.ee\/ru\/wp-json\/wp\/v2\/product_tag?post=110322"}],"curies":[{"name":"wp","href":"https:\/\/api.w.org\/{rel}","templated":true}]}}