{"id":110231,"date":"2025-11-04T05:37:40","date_gmt":"2025-11-04T03:37:40","guid":{"rendered":"https:\/\/automatic.ee\/toode\/kiirvaha-750ml\/"},"modified":"2025-11-04T05:37:40","modified_gmt":"2025-11-04T03:37:40","slug":"kiirvaha-750ml","status":"publish","type":"product","link":"https:\/\/automatic.ee\/ru\/toode\/kiirvaha-750ml\/","title":{"rendered":"KIIRVAHA 750ML"},"content":{"rendered":"<p>SONAX 287-400<\/p>\n<p>Sonax l\u00e4ikeparendaja puhastab kergelt m\u00e4\u00e4rdunud ja tolmused pinnad \u00f5rnalt ja p\u00f5hjalikult, pindu kriimustamata. Uuendab vaha kaitseomadusi ja annab v\u00e4rvipindadele vetth\u00fclgava, lootosefektilise l\u00e4ike.<\/p>\n<p><strong>Kasutamine:<\/strong> peske ja kuivatage auto. Raputage tugevalt pudelit. Pihustage \u00f5huke \u00fchtlane kiht ainet t\u00f6\u00f6deldavale pinnale ja h\u00f5\u00f5ruge kohe Sonax poleerimislapiga laiali. Viimistlege pind p\u00fchkides \u00e4ra k\u00f5ik j\u00e4\u00e4gid.<\/p>\n","protected":false},"excerpt":{"rendered":"<p>287-400 SONAX<\/p>\n","protected":false},"featured_media":110228,"comment_status":"open","ping_status":"closed","template":"","meta":{"colormag_page_container_layout":"default_layout","colormag_page_sidebar_layout":"default_layout"},"product_brand":[],"product_cat":[108],"product_tag":[],"class_list":{"0":"post-110231","1":"product","2":"type-product","3":"status-publish","4":"has-post-thumbnail","6":"product_cat-misc","8":"first","9":"instock","10":"shipping-taxable","11":"purchasable","12":"product-type-simple"},"_links":{"self":[{"href":"https:\/\/automatic.ee\/ru\/wp-json\/wp\/v2\/product\/110231","targetHints":{"allow":["GET"]}}],"collection":[{"href":"https:\/\/automatic.ee\/ru\/wp-json\/wp\/v2\/product"}],"about":[{"href":"https:\/\/automatic.ee\/ru\/wp-json\/wp\/v2\/types\/product"}],"replies":[{"embeddable":true,"href":"https:\/\/automatic.ee\/ru\/wp-json\/wp\/v2\/comments?post=110231"}],"wp:featuredmedia":[{"embeddable":true,"href":"https:\/\/automatic.ee\/ru\/wp-json\/wp\/v2\/media\/110228"}],"wp:attachment":[{"href":"https:\/\/automatic.ee\/ru\/wp-json\/wp\/v2\/media?parent=110231"}],"wp:term":[{"taxonomy":"product_brand","embeddable":true,"href":"https:\/\/automatic.ee\/ru\/wp-json\/wp\/v2\/product_brand?post=110231"},{"taxonomy":"product_cat","embeddable":true,"href":"https:\/\/automatic.ee\/ru\/wp-json\/wp\/v2\/product_cat?post=110231"},{"taxonomy":"product_tag","embeddable":true,"href":"https:\/\/automatic.ee\/ru\/wp-json\/wp\/v2\/product_tag?post=110231"}],"curies":[{"name":"wp","href":"https:\/\/api.w.org\/{rel}","templated":true}]}}