{"id":110171,"date":"2025-11-04T05:36:31","date_gmt":"2025-11-04T03:36:31","guid":{"rendered":"https:\/\/automatic.ee\/toode\/lohnahavitaja-500ml\/"},"modified":"2025-11-04T05:36:31","modified_gmt":"2025-11-04T03:36:31","slug":"lohnahavitaja-500ml","status":"publish","type":"product","link":"https:\/\/automatic.ee\/ru\/toode\/lohnahavitaja-500ml\/","title":{"rendered":"L\u00d5HNAH\u00c4VITAJA 500ML"},"content":{"rendered":"<p>SONAX 292-241<\/p>\n<p>Sisepinnad: pihustage m\u00f5ned korrad \u00f5hku<\/p>\n<p>Tekstiilid: t\u00f6\u00f6deldes kardinaid, vaipu, kingi v\u00f5i riideid, pihustage \u00fchtlaselt materjalile kuni see on niiske.<\/p>\n<p>Aine m\u00f5ju suurendamiseks hoidke t\u00f6\u00f6deldavat eset m\u00f5nda aega suletud ruumis. Laske kuivada. Proovige alguses v\u00e4ikesel alal, kuna k\u00f5ik kangad ei ole v\u00e4rvipidavad. Hoida k\u00fclmumise eest.<\/p>\n","protected":false},"excerpt":{"rendered":"<p>292-241 SONAX<\/p>\n","protected":false},"featured_media":110168,"comment_status":"open","ping_status":"closed","template":"","meta":{"colormag_page_container_layout":"default_layout","colormag_page_sidebar_layout":"default_layout"},"product_brand":[],"product_cat":[108],"product_tag":[],"class_list":{"0":"post-110171","1":"product","2":"type-product","3":"status-publish","4":"has-post-thumbnail","6":"product_cat-misc","8":"first","9":"instock","10":"shipping-taxable","11":"purchasable","12":"product-type-simple"},"_links":{"self":[{"href":"https:\/\/automatic.ee\/ru\/wp-json\/wp\/v2\/product\/110171","targetHints":{"allow":["GET"]}}],"collection":[{"href":"https:\/\/automatic.ee\/ru\/wp-json\/wp\/v2\/product"}],"about":[{"href":"https:\/\/automatic.ee\/ru\/wp-json\/wp\/v2\/types\/product"}],"replies":[{"embeddable":true,"href":"https:\/\/automatic.ee\/ru\/wp-json\/wp\/v2\/comments?post=110171"}],"wp:featuredmedia":[{"embeddable":true,"href":"https:\/\/automatic.ee\/ru\/wp-json\/wp\/v2\/media\/110168"}],"wp:attachment":[{"href":"https:\/\/automatic.ee\/ru\/wp-json\/wp\/v2\/media?parent=110171"}],"wp:term":[{"taxonomy":"product_brand","embeddable":true,"href":"https:\/\/automatic.ee\/ru\/wp-json\/wp\/v2\/product_brand?post=110171"},{"taxonomy":"product_cat","embeddable":true,"href":"https:\/\/automatic.ee\/ru\/wp-json\/wp\/v2\/product_cat?post=110171"},{"taxonomy":"product_tag","embeddable":true,"href":"https:\/\/automatic.ee\/ru\/wp-json\/wp\/v2\/product_tag?post=110171"}],"curies":[{"name":"wp","href":"https:\/\/api.w.org\/{rel}","templated":true}]}}