{"id":110082,"date":"2025-11-04T05:34:42","date_gmt":"2025-11-04T03:34:42","guid":{"rendered":"https:\/\/automatic.ee\/toode\/varvipinnapuhast-vahend-500ml\/"},"modified":"2025-11-04T05:34:42","modified_gmt":"2025-11-04T03:34:42","slug":"varvipinnapuhast-vahend-500ml","status":"publish","type":"product","link":"https:\/\/automatic.ee\/ru\/toode\/varvipinnapuhast-vahend-500ml\/","title":{"rendered":"V\u00c4RVIPINNAPUHAST.VAHEND 500ML"},"content":{"rendered":"<p>SONAX 302-200<\/p>\n<p>Intensiivne puhastusvahend mattide ja pleekinud v\u00e4rviliste lakkide jaoks. Taastab algse v\u00e4rvis\u00fcgavuse. Puhastab h\u00e4sti ja eemaldab v\u00e4iksemad kriimud. Eemaldab allesj\u00e4\u00e4nud mustuse, samuti v\u00e4ikesed vaigu- ja t\u00f5rvaplekid. Lihtne kasutada.<\/p>\n","protected":false},"excerpt":{"rendered":"<p>302-200 SONAX<\/p>\n","protected":false},"featured_media":110079,"comment_status":"open","ping_status":"closed","template":"","meta":{"colormag_page_container_layout":"default_layout","colormag_page_sidebar_layout":"default_layout"},"product_brand":[],"product_cat":[108],"product_tag":[],"class_list":{"0":"post-110082","1":"product","2":"type-product","3":"status-publish","4":"has-post-thumbnail","6":"product_cat-misc","8":"first","9":"instock","10":"shipping-taxable","11":"purchasable","12":"product-type-simple"},"_links":{"self":[{"href":"https:\/\/automatic.ee\/ru\/wp-json\/wp\/v2\/product\/110082","targetHints":{"allow":["GET"]}}],"collection":[{"href":"https:\/\/automatic.ee\/ru\/wp-json\/wp\/v2\/product"}],"about":[{"href":"https:\/\/automatic.ee\/ru\/wp-json\/wp\/v2\/types\/product"}],"replies":[{"embeddable":true,"href":"https:\/\/automatic.ee\/ru\/wp-json\/wp\/v2\/comments?post=110082"}],"wp:featuredmedia":[{"embeddable":true,"href":"https:\/\/automatic.ee\/ru\/wp-json\/wp\/v2\/media\/110079"}],"wp:attachment":[{"href":"https:\/\/automatic.ee\/ru\/wp-json\/wp\/v2\/media?parent=110082"}],"wp:term":[{"taxonomy":"product_brand","embeddable":true,"href":"https:\/\/automatic.ee\/ru\/wp-json\/wp\/v2\/product_brand?post=110082"},{"taxonomy":"product_cat","embeddable":true,"href":"https:\/\/automatic.ee\/ru\/wp-json\/wp\/v2\/product_cat?post=110082"},{"taxonomy":"product_tag","embeddable":true,"href":"https:\/\/automatic.ee\/ru\/wp-json\/wp\/v2\/product_tag?post=110082"}],"curies":[{"name":"wp","href":"https:\/\/api.w.org\/{rel}","templated":true}]}}