{"id":110059,"date":"2025-11-04T05:34:17","date_gmt":"2025-11-04T03:34:17","guid":{"rendered":"https:\/\/automatic.ee\/toode\/kriimustuste-eemaldi-75-ml-sonax\/"},"modified":"2025-11-04T05:34:17","modified_gmt":"2025-11-04T03:34:17","slug":"kriimustuste-eemaldi-75-ml-sonax","status":"publish","type":"product","link":"https:\/\/automatic.ee\/ru\/toode\/kriimustuste-eemaldi-75-ml-sonax\/","title":{"rendered":"Kriimustuste-eemaldi 75 ml SONAX"},"content":{"rendered":"<p>SONAX 305-000<\/p>\n<p>Nanotehnoloogial p\u00f5hinev poleerimisaine kriimustuste eemaldamiseks k\u00f5ikidelt plastikust-, akr\u00fc\u00fclist- ja pleksiklaasist pindadelt. Sobib nii k\u00e4sitsi kui ka masinaga kasutamiseks.<\/p>\n<ul>\n<li>Peidab kriimustused ja annab l\u00e4ike haagiselamute, paatide, kabriolettide plastakendele, mootorrataste tuuleklaasidele ja s\u00f5iduautode plastesituledele.<\/li>\n<li>Eriti s\u00fcgavate kriimude puhul on soovitav pinda eelnevalt lihvida vesiliivapaberiga (karedus 5000).<\/li>\n<li>V\u00e4ga kriimustatud pinnad vajavad korduvat t\u00f6\u00f6tlemist.<\/li>\n<li>Kriimustuste eemaldusvahend ei sobi tr\u00fckitud, v\u00e4rvitud, lamineeritud ja puutetundlike pindade t\u00f6\u00f6tlemiseks.<\/li>\n<\/ul>\n<p><strong>Kasutamine: <\/strong>kandke aine pehme lapiga kuivale ja puhtale pinnale. H\u00f5\u00f5ruge intensiivselt kuni saavutate soovitud tulemuse. Eemaldage \u00fclej\u00e4\u00e4gid SONAX poleerimislapiga (punane). Vajadusel h\u00f5\u00f5ruge s\u00fcgavaid kriime eelnevalt P5000 vesiliivapaberiga.<\/p>\n","protected":false},"excerpt":{"rendered":"<p>305-000 SONAX<\/p>\n","protected":false},"featured_media":0,"comment_status":"open","ping_status":"closed","template":"","meta":{"colormag_page_container_layout":"default_layout","colormag_page_sidebar_layout":"default_layout"},"product_brand":[],"product_cat":[108],"product_tag":[],"class_list":{"0":"post-110059","1":"product","2":"type-product","3":"status-publish","5":"product_cat-misc","7":"first","8":"instock","9":"shipping-taxable","10":"purchasable","11":"product-type-simple"},"_links":{"self":[{"href":"https:\/\/automatic.ee\/ru\/wp-json\/wp\/v2\/product\/110059","targetHints":{"allow":["GET"]}}],"collection":[{"href":"https:\/\/automatic.ee\/ru\/wp-json\/wp\/v2\/product"}],"about":[{"href":"https:\/\/automatic.ee\/ru\/wp-json\/wp\/v2\/types\/product"}],"replies":[{"embeddable":true,"href":"https:\/\/automatic.ee\/ru\/wp-json\/wp\/v2\/comments?post=110059"}],"wp:attachment":[{"href":"https:\/\/automatic.ee\/ru\/wp-json\/wp\/v2\/media?parent=110059"}],"wp:term":[{"taxonomy":"product_brand","embeddable":true,"href":"https:\/\/automatic.ee\/ru\/wp-json\/wp\/v2\/product_brand?post=110059"},{"taxonomy":"product_cat","embeddable":true,"href":"https:\/\/automatic.ee\/ru\/wp-json\/wp\/v2\/product_cat?post=110059"},{"taxonomy":"product_tag","embeddable":true,"href":"https:\/\/automatic.ee\/ru\/wp-json\/wp\/v2\/product_tag?post=110059"}],"curies":[{"name":"wp","href":"https:\/\/api.w.org\/{rel}","templated":true}]}}