{"id":110036,"date":"2025-11-04T05:34:13","date_gmt":"2025-11-04T03:34:13","guid":{"rendered":"https:\/\/automatic.ee\/toode\/cr-ja-al-puhastuspasta-75ml-sonax\/"},"modified":"2025-11-04T05:34:13","modified_gmt":"2025-11-04T03:34:13","slug":"cr-ja-al-puhastuspasta-75ml-sonax","status":"publish","type":"product","link":"https:\/\/automatic.ee\/ru\/toode\/cr-ja-al-puhastuspasta-75ml-sonax\/","title":{"rendered":"CR JA AL PUHASTUSPASTA 75ml SONAX"},"content":{"rendered":"<p>SONAX 308-000<\/p>\n<p>SONAX Chrom &amp; AluPaste &#8212; kroomi- ja alumiiniumi poleerimispasta 75ml  ( 308000 , 03080000 )<\/p>\n<p>Kasutamiseks autol, jalgrattal v\u00f5i kodus.<\/p>\n<p>Puhastab, hooldab ja kaitseb v\u00e4rvimata metalle nagu n\u00e4iteks alumiinium, vask, messing ja kroom. <\/p>\n<p>Abrasiivne puhastuspasta rooste ja tuhmunud kohtade \u00f5rnaks ja efektiivseks eemaldamiseks kroom-, alumiinium- ja k\u00f5ikidelt teistelt v\u00e4rvilsest metallist pindadelt. Taastab pinna algse l\u00e4ike. Kaitseb pinda tekitades n\u00e4htamatu kaitsekihi, mis hoiab \u00e4ra uue rooste tekkimise.<\/p>\n<p><strong>Kasutamine:<\/strong> raputage enne kasutamist. Kandke \u00f5huke kiht pastat SONAX puhastus- ja poleerimislapiga (pehme rullpaber) pinnale. H\u00f5\u00f5ruge keskmise v\u00f5i tugeva j\u00f5uga, olenevalt eesm\u00e4rgist. Poleerige l\u00e4ikima ja eemaldage j\u00e4\u00e4gid.<\/p>\n","protected":false},"excerpt":{"rendered":"<p>308-000 SONAX<\/p>\n","protected":false},"featured_media":0,"comment_status":"open","ping_status":"closed","template":"","meta":{"colormag_page_container_layout":"default_layout","colormag_page_sidebar_layout":"default_layout"},"product_brand":[],"product_cat":[108],"product_tag":[],"class_list":{"0":"post-110036","1":"product","2":"type-product","3":"status-publish","5":"product_cat-misc","7":"first","8":"instock","9":"shipping-taxable","10":"purchasable","11":"product-type-simple"},"_links":{"self":[{"href":"https:\/\/automatic.ee\/ru\/wp-json\/wp\/v2\/product\/110036","targetHints":{"allow":["GET"]}}],"collection":[{"href":"https:\/\/automatic.ee\/ru\/wp-json\/wp\/v2\/product"}],"about":[{"href":"https:\/\/automatic.ee\/ru\/wp-json\/wp\/v2\/types\/product"}],"replies":[{"embeddable":true,"href":"https:\/\/automatic.ee\/ru\/wp-json\/wp\/v2\/comments?post=110036"}],"wp:attachment":[{"href":"https:\/\/automatic.ee\/ru\/wp-json\/wp\/v2\/media?parent=110036"}],"wp:term":[{"taxonomy":"product_brand","embeddable":true,"href":"https:\/\/automatic.ee\/ru\/wp-json\/wp\/v2\/product_brand?post=110036"},{"taxonomy":"product_cat","embeddable":true,"href":"https:\/\/automatic.ee\/ru\/wp-json\/wp\/v2\/product_cat?post=110036"},{"taxonomy":"product_tag","embeddable":true,"href":"https:\/\/automatic.ee\/ru\/wp-json\/wp\/v2\/product_tag?post=110036"}],"curies":[{"name":"wp","href":"https:\/\/api.w.org\/{rel}","templated":true}]}}