{"id":109995,"date":"2025-11-04T05:21:29","date_gmt":"2025-11-04T03:21:29","guid":{"rendered":"https:\/\/automatic.ee\/toode\/kliimaseadme-sisepuhastusaine-150ml\/"},"modified":"2025-11-04T05:21:29","modified_gmt":"2025-11-04T03:21:29","slug":"kliimaseadme-sisepuhastusaine-150ml","status":"publish","type":"product","link":"https:\/\/automatic.ee\/ru\/toode\/kliimaseadme-sisepuhastusaine-150ml\/","title":{"rendered":"KLIIMASEADME SISEPUHASTUSAINE 150ml"},"content":{"rendered":"<p><strong>Kasutamine:<\/strong> raputage purki enne kasutamist. K\u00e4ivitage auto mootor. Reguleerige konditsioneer k\u00fclmale \u00f5hule, ventilaatori kiirus maksimaalsele astmele ja l\u00fclitage salongi\u00f5hu ringlusele. Avage k\u00f5ik ventilatsiooniavad. L\u00fckake juhiiste nii ette kui saab ja reguleerige seljatugi ettepoole. Hoidke purki endast eemal, vajutage valget nuppu ja asetage p\u00fcstiselt tagaistme ette. Minge autost v\u00e4lja ning sulgege uksed ja aknad. L\u00fclitage mootor 15 minuti p\u00e4rast v\u00e4lja, avage k\u00f5ik uksed ja tuulutage salongi v\u00e4hemalt 10 minutit.<\/p>\n","protected":false},"excerpt":{"rendered":"<p>323-100 SONAX<\/p>\n","protected":false},"featured_media":109992,"comment_status":"open","ping_status":"closed","template":"","meta":{"colormag_page_container_layout":"default_layout","colormag_page_sidebar_layout":"default_layout"},"product_brand":[],"product_cat":[108],"product_tag":[],"class_list":{"0":"post-109995","1":"product","2":"type-product","3":"status-publish","4":"has-post-thumbnail","6":"product_cat-misc","8":"first","9":"instock","10":"shipping-taxable","11":"purchasable","12":"product-type-simple"},"_links":{"self":[{"href":"https:\/\/automatic.ee\/ru\/wp-json\/wp\/v2\/product\/109995","targetHints":{"allow":["GET"]}}],"collection":[{"href":"https:\/\/automatic.ee\/ru\/wp-json\/wp\/v2\/product"}],"about":[{"href":"https:\/\/automatic.ee\/ru\/wp-json\/wp\/v2\/types\/product"}],"replies":[{"embeddable":true,"href":"https:\/\/automatic.ee\/ru\/wp-json\/wp\/v2\/comments?post=109995"}],"wp:featuredmedia":[{"embeddable":true,"href":"https:\/\/automatic.ee\/ru\/wp-json\/wp\/v2\/media\/109992"}],"wp:attachment":[{"href":"https:\/\/automatic.ee\/ru\/wp-json\/wp\/v2\/media?parent=109995"}],"wp:term":[{"taxonomy":"product_brand","embeddable":true,"href":"https:\/\/automatic.ee\/ru\/wp-json\/wp\/v2\/product_brand?post=109995"},{"taxonomy":"product_cat","embeddable":true,"href":"https:\/\/automatic.ee\/ru\/wp-json\/wp\/v2\/product_cat?post=109995"},{"taxonomy":"product_tag","embeddable":true,"href":"https:\/\/automatic.ee\/ru\/wp-json\/wp\/v2\/product_tag?post=109995"}],"curies":[{"name":"wp","href":"https:\/\/api.w.org\/{rel}","templated":true}]}}