{"id":109987,"date":"2025-11-04T05:21:22","date_gmt":"2025-11-04T03:21:22","guid":{"rendered":"https:\/\/automatic.ee\/toode\/suure-joudlusega-maardeaine-ptfe-%d0%b2%d1%8b%d1%81%d0%be%d0%ba%d0%be%d1%8d%d1%84%d1%84%d0%b5%d0%ba%d1%82%d0%b8%d0%b2%d0%bd%d0%b0%d1%8f-%d1%81%d0%bc%d0%b0%d0%b7%d0%ba%d0%b0-ptfe-500ml\/"},"modified":"2025-11-04T05:21:22","modified_gmt":"2025-11-04T03:21:22","slug":"suure-joudlusega-maardeaine-ptfe-%d0%b2%d1%8b%d1%81%d0%be%d0%ba%d0%be%d1%8d%d1%84%d1%84%d0%b5%d0%ba%d1%82%d0%b8%d0%b2%d0%bd%d0%b0%d1%8f-%d1%81%d0%bc%d0%b0%d0%b7%d0%ba%d0%b0-ptfe-500ml","status":"publish","type":"product","link":"https:\/\/automatic.ee\/ru\/toode\/suure-joudlusega-maardeaine-ptfe-%d0%b2%d1%8b%d1%81%d0%be%d0%ba%d0%be%d1%8d%d1%84%d1%84%d0%b5%d0%ba%d1%82%d0%b8%d0%b2%d0%bd%d0%b0%d1%8f-%d1%81%d0%bc%d0%b0%d0%b7%d0%ba%d0%b0-ptfe-500ml\/","title":{"rendered":"Suure j\u00f5udlusega m\u00e4\u00e4rdeaine PTFE &#8212; \u0412\u044b\u0441\u043e\u043a\u043e\u044d\u0444\u0444\u0435\u043a\u0442\u0438\u0432\u043d\u0430\u044f \u0441\u043c\u0430\u0437\u043a\u0430 PTFE 500ml"},"content":{"rendered":"","protected":false},"excerpt":{"rendered":"<p>32455 BERNER<\/p>\n","protected":false},"featured_media":109984,"comment_status":"open","ping_status":"closed","template":"","meta":{"colormag_page_container_layout":"default_layout","colormag_page_sidebar_layout":"default_layout"},"product_brand":[],"product_cat":[108],"product_tag":[],"class_list":{"0":"post-109987","1":"product","2":"type-product","3":"status-publish","4":"has-post-thumbnail","6":"product_cat-misc","8":"first","9":"instock","10":"shipping-taxable","11":"purchasable","12":"product-type-simple"},"_links":{"self":[{"href":"https:\/\/automatic.ee\/ru\/wp-json\/wp\/v2\/product\/109987","targetHints":{"allow":["GET"]}}],"collection":[{"href":"https:\/\/automatic.ee\/ru\/wp-json\/wp\/v2\/product"}],"about":[{"href":"https:\/\/automatic.ee\/ru\/wp-json\/wp\/v2\/types\/product"}],"replies":[{"embeddable":true,"href":"https:\/\/automatic.ee\/ru\/wp-json\/wp\/v2\/comments?post=109987"}],"wp:featuredmedia":[{"embeddable":true,"href":"https:\/\/automatic.ee\/ru\/wp-json\/wp\/v2\/media\/109984"}],"wp:attachment":[{"href":"https:\/\/automatic.ee\/ru\/wp-json\/wp\/v2\/media?parent=109987"}],"wp:term":[{"taxonomy":"product_brand","embeddable":true,"href":"https:\/\/automatic.ee\/ru\/wp-json\/wp\/v2\/product_brand?post=109987"},{"taxonomy":"product_cat","embeddable":true,"href":"https:\/\/automatic.ee\/ru\/wp-json\/wp\/v2\/product_cat?post=109987"},{"taxonomy":"product_tag","embeddable":true,"href":"https:\/\/automatic.ee\/ru\/wp-json\/wp\/v2\/product_tag?post=109987"}],"curies":[{"name":"wp","href":"https:\/\/api.w.org\/{rel}","templated":true}]}}