{"id":109886,"date":"2025-11-04T05:15:01","date_gmt":"2025-11-04T03:15:01","guid":{"rendered":"https:\/\/automatic.ee\/toode\/mootori-silikoonhermeetik-must-200ml\/"},"modified":"2025-11-04T05:15:01","modified_gmt":"2025-11-04T03:15:01","slug":"mootori-silikoonhermeetik-must-200ml","status":"publish","type":"product","link":"https:\/\/automatic.ee\/ru\/toode\/mootori-silikoonhermeetik-must-200ml\/","title":{"rendered":"MOOTORI SILIKOONHERMEETIK\u00a0MUST 200ML"},"content":{"rendered":"<ul>\n<li>Saab kasutada k\u00f5igil mittepoorsetel alustel, suurep\u00e4rane nakkuvus metallide, klaasi ja glasuuritud alustega.<\/li>\n<li>Ideaalne K\u00fcttes\u00fcsteemide, pumpade ja mootorite tihendamiseks ning igat t\u00fc\u00fcpi tihendamiseks, kus on vaja k\u00f5rget temperatuuritaluvust.<\/li>\n<\/ul>\n","protected":false},"excerpt":{"rendered":"<p>343965 BERNER<\/p>\n","protected":false},"featured_media":109883,"comment_status":"open","ping_status":"closed","template":"","meta":{"colormag_page_container_layout":"default_layout","colormag_page_sidebar_layout":"default_layout"},"product_brand":[],"product_cat":[108],"product_tag":[],"class_list":{"0":"post-109886","1":"product","2":"type-product","3":"status-publish","4":"has-post-thumbnail","6":"product_cat-misc","8":"first","9":"instock","10":"shipping-taxable","11":"purchasable","12":"product-type-simple"},"_links":{"self":[{"href":"https:\/\/automatic.ee\/ru\/wp-json\/wp\/v2\/product\/109886","targetHints":{"allow":["GET"]}}],"collection":[{"href":"https:\/\/automatic.ee\/ru\/wp-json\/wp\/v2\/product"}],"about":[{"href":"https:\/\/automatic.ee\/ru\/wp-json\/wp\/v2\/types\/product"}],"replies":[{"embeddable":true,"href":"https:\/\/automatic.ee\/ru\/wp-json\/wp\/v2\/comments?post=109886"}],"wp:featuredmedia":[{"embeddable":true,"href":"https:\/\/automatic.ee\/ru\/wp-json\/wp\/v2\/media\/109883"}],"wp:attachment":[{"href":"https:\/\/automatic.ee\/ru\/wp-json\/wp\/v2\/media?parent=109886"}],"wp:term":[{"taxonomy":"product_brand","embeddable":true,"href":"https:\/\/automatic.ee\/ru\/wp-json\/wp\/v2\/product_brand?post=109886"},{"taxonomy":"product_cat","embeddable":true,"href":"https:\/\/automatic.ee\/ru\/wp-json\/wp\/v2\/product_cat?post=109886"},{"taxonomy":"product_tag","embeddable":true,"href":"https:\/\/automatic.ee\/ru\/wp-json\/wp\/v2\/product_tag?post=109886"}],"curies":[{"name":"wp","href":"https:\/\/api.w.org\/{rel}","templated":true}]}}