{"id":109882,"date":"2025-11-04T05:14:47","date_gmt":"2025-11-04T03:14:47","guid":{"rendered":"https:\/\/automatic.ee\/toode\/silikoonsprei-400ml\/"},"modified":"2025-11-04T05:14:47","modified_gmt":"2025-11-04T03:14:47","slug":"silikoonsprei-400ml","status":"publish","type":"product","link":"https:\/\/automatic.ee\/ru\/toode\/silikoonsprei-400ml\/","title":{"rendered":"SILIKOONSPREI 400ml"},"content":{"rendered":"<p>Eriti madala h\u00f5\u00f5rdumisega.<\/p>\n<p>Silikoonip\u00f5hine m\u00e4\u00e4rde- ja vabastusaine. M\u00e4\u00e4rib, hooldab ja kaitseb plastik-, kummi-, puit- ja metallosi. V\u00f5tab \u00e4ra h\u00e4irivad krigisevad ja nagisevad h\u00e4\u00e4led. Moodustab vastupidava v\u00e4rvitu silikoonkile, mis t\u00f5rjub vett ja kaitseb rabedaks muutumise, kinnij\u00e4\u00e4mise ja k\u00fclmumise eest. Ei sisalda mineraal\u00f5li ega rasva. Temperatuuritaluvus -35\u00b0C &#8212; +250\u00b0C. Purgi spreimehhanism t\u00f6\u00f6tab iga nurga all. Easy Spray topelt pihustuss\u00fcsteem nii t\u00e4ppis- kui tavat\u00f6\u00f6deks, otsikut vahetamata.<\/p>\n<p><strong>Kautamine:<\/strong> raputage purki enne kasutamist. Pihustage ainet \u00f5huke kiht ja laske veidi aega kuivada.<\/p>\n","protected":false},"excerpt":{"rendered":"<p>348-300 SONAX<\/p>\n","protected":false},"featured_media":109879,"comment_status":"open","ping_status":"closed","template":"","meta":{"colormag_page_container_layout":"default_layout","colormag_page_sidebar_layout":"default_layout"},"product_brand":[],"product_cat":[108],"product_tag":[],"class_list":{"0":"post-109882","1":"product","2":"type-product","3":"status-publish","4":"has-post-thumbnail","6":"product_cat-misc","8":"first","9":"instock","10":"shipping-taxable","11":"purchasable","12":"product-type-simple"},"_links":{"self":[{"href":"https:\/\/automatic.ee\/ru\/wp-json\/wp\/v2\/product\/109882","targetHints":{"allow":["GET"]}}],"collection":[{"href":"https:\/\/automatic.ee\/ru\/wp-json\/wp\/v2\/product"}],"about":[{"href":"https:\/\/automatic.ee\/ru\/wp-json\/wp\/v2\/types\/product"}],"replies":[{"embeddable":true,"href":"https:\/\/automatic.ee\/ru\/wp-json\/wp\/v2\/comments?post=109882"}],"wp:featuredmedia":[{"embeddable":true,"href":"https:\/\/automatic.ee\/ru\/wp-json\/wp\/v2\/media\/109879"}],"wp:attachment":[{"href":"https:\/\/automatic.ee\/ru\/wp-json\/wp\/v2\/media?parent=109882"}],"wp:term":[{"taxonomy":"product_brand","embeddable":true,"href":"https:\/\/automatic.ee\/ru\/wp-json\/wp\/v2\/product_brand?post=109882"},{"taxonomy":"product_cat","embeddable":true,"href":"https:\/\/automatic.ee\/ru\/wp-json\/wp\/v2\/product_cat?post=109882"},{"taxonomy":"product_tag","embeddable":true,"href":"https:\/\/automatic.ee\/ru\/wp-json\/wp\/v2\/product_tag?post=109882"}],"curies":[{"name":"wp","href":"https:\/\/api.w.org\/{rel}","templated":true}]}}