{"id":109846,"date":"2025-11-04T05:13:25","date_gmt":"2025-11-04T03:13:25","guid":{"rendered":"https:\/\/automatic.ee\/toode\/pidurite-keraam-montaazipasta-200ml\/"},"modified":"2025-11-04T05:13:25","modified_gmt":"2025-11-04T03:13:25","slug":"pidurite-keraam-montaazipasta-200ml","status":"publish","type":"product","link":"https:\/\/automatic.ee\/ru\/toode\/pidurite-keraam-montaazipasta-200ml\/","title":{"rendered":"PIDURITE KERAAM. MONTAA\u017dIPASTA 200ml"},"content":{"rendered":"<p>K\u00f5igi piduris\u00fcsteemide nagu ABS, ASR ja ESP testimiseks ja parandamiseks.<\/p>\n<div>Sobib keermestatud \u00fchendustele, mis on avatud k\u00f5rgetele temperatuuridele, nt. N\u00e4iteks v\u00e4ljalasketorud, lambda-sondid, turbiinid jne.<\/div>\n<div>Toote eelised:<\/div>\n<div>Hoiab \u00e4ra pidurite kriuksumist ja vilistamist.<\/div>\n<div>Mugav juhtimine<\/div>\n<div>Prinditav pakend mugavaks kasutamiseks<\/div>\n<div>Otsene pealekandmine kohandatud pintsliga.<\/div>\n<div>Lihtne pasta siluda<\/div>\n<div>Garanteerib v\u00e4ga pikad hooldusintervallid<\/div>\n<div>V\u00e4ga vastupidav survele ja v\u00e4ga k\u00f5rgetele temperatuuridele<\/div>\n<div>V\u00e4ga nakkuv keraamiline\/alumiinium spetsiaalne m\u00e4\u00e4rdeaine<\/div>\n<div>Kaitseb korrosiooni, oks\u00fcdatsiooni ja v\u00e4hendab kulumist<\/div>\n","protected":false},"excerpt":{"rendered":"<p>363484 BERNER<\/p>\n","protected":false},"featured_media":109843,"comment_status":"open","ping_status":"closed","template":"","meta":{"colormag_page_container_layout":"default_layout","colormag_page_sidebar_layout":"default_layout"},"product_brand":[],"product_cat":[108],"product_tag":[],"class_list":{"0":"post-109846","1":"product","2":"type-product","3":"status-publish","4":"has-post-thumbnail","6":"product_cat-misc","8":"first","9":"instock","10":"shipping-taxable","11":"purchasable","12":"product-type-simple"},"_links":{"self":[{"href":"https:\/\/automatic.ee\/ru\/wp-json\/wp\/v2\/product\/109846","targetHints":{"allow":["GET"]}}],"collection":[{"href":"https:\/\/automatic.ee\/ru\/wp-json\/wp\/v2\/product"}],"about":[{"href":"https:\/\/automatic.ee\/ru\/wp-json\/wp\/v2\/types\/product"}],"replies":[{"embeddable":true,"href":"https:\/\/automatic.ee\/ru\/wp-json\/wp\/v2\/comments?post=109846"}],"wp:featuredmedia":[{"embeddable":true,"href":"https:\/\/automatic.ee\/ru\/wp-json\/wp\/v2\/media\/109843"}],"wp:attachment":[{"href":"https:\/\/automatic.ee\/ru\/wp-json\/wp\/v2\/media?parent=109846"}],"wp:term":[{"taxonomy":"product_brand","embeddable":true,"href":"https:\/\/automatic.ee\/ru\/wp-json\/wp\/v2\/product_brand?post=109846"},{"taxonomy":"product_cat","embeddable":true,"href":"https:\/\/automatic.ee\/ru\/wp-json\/wp\/v2\/product_cat?post=109846"},{"taxonomy":"product_tag","embeddable":true,"href":"https:\/\/automatic.ee\/ru\/wp-json\/wp\/v2\/product_tag?post=109846"}],"curies":[{"name":"wp","href":"https:\/\/api.w.org\/{rel}","templated":true}]}}