{"id":109809,"date":"2025-11-04T05:12:17","date_gmt":"2025-11-04T03:12:17","guid":{"rendered":"https:\/\/automatic.ee\/toode\/kleebiseemaldi-aerosool-%d1%81%d0%bf%d1%80%d0%b5%d0%b9-%d0%b4%d0%bb%d1%8f-%d1%83%d0%b4%d0%b0%d0%bb%d0%b5%d0%bd%d0%b8%d1%8f-%d0%bd%d0%b0%d0%ba%d0%bb%d0%b5%d0%b9%d0%ba%d0%b8-500ml\/"},"modified":"2025-11-04T05:12:17","modified_gmt":"2025-11-04T03:12:17","slug":"kleebiseemaldi-aerosool-%d1%81%d0%bf%d1%80%d0%b5%d0%b9-%d0%b4%d0%bb%d1%8f-%d1%83%d0%b4%d0%b0%d0%bb%d0%b5%d0%bd%d0%b8%d1%8f-%d0%bd%d0%b0%d0%ba%d0%bb%d0%b5%d0%b9%d0%ba%d0%b8-500ml","status":"publish","type":"product","link":"https:\/\/automatic.ee\/ru\/toode\/kleebiseemaldi-aerosool-%d1%81%d0%bf%d1%80%d0%b5%d0%b9-%d0%b4%d0%bb%d1%8f-%d1%83%d0%b4%d0%b0%d0%bb%d0%b5%d0%bd%d0%b8%d1%8f-%d0%bd%d0%b0%d0%ba%d0%bb%d0%b5%d0%b9%d0%ba%d0%b8-500ml\/","title":{"rendered":"KLEEBISEEMALDI AEROSOOL &#8212; \u0421\u041f\u0420\u0415\u0419 \u0414\u041b\u042f \u0423\u0414\u0410\u041b\u0415\u041d\u0418\u042f \u041d\u0410\u041a\u041b\u0415\u0419\u041a\u0418 500ml"},"content":{"rendered":"<p>Berneri kleebiste ja liimi eemaldaja Toode on m\u00f5eldud liimi kiireks eemaldamiseks ning kleebiste, kleebiste, siltide, kleeplindi, hinnasiltide ja fooliumi kiireks eemaldamiseks. Lisaks eemaldab toode suurep\u00e4raselt n\u00e4rimiskummi ja vaha. T\u00f6\u00f6tab t\u00f5husalt klaasist, metallist, fooliumist, plastikust ja muudest pindadest, samuti v\u00e4rviga kaetud pindadel. Berner Label Removeri omadused: Lihtne kasutada; k\u00f5rge efektiivsusega; eemaldab liimij\u00e4\u00e4gid erinevatest materjalidest, sh v\u00e4rvitud pindadelt. kasutatakse kleebiste eemaldamiseks konteineritelt, erinevatelt seadmetelt, t\u00fcnnidelt, purkidelt, riiulitelt, autodelt, veoautodelt jne. Kuidas kasutada? Enne kasutamist kontrollige sobivust silmapaistmatus kohas. Raputage purki h\u00e4sti, pihustage toodet etiketile ja laske sellel veidi imenduda. P\u00fchkige pind niiske k\u00e4sna v\u00f5i lapiga. Vajadusel korrake. M\u00e4rge! \u00c4rge kasutage toodet kuumadel pindadel ega otsese p\u00e4ikesevalguse k\u00e4es.<\/p>\n","protected":false},"excerpt":{"rendered":"<p>367943 BERNER<\/p>\n","protected":false},"featured_media":109806,"comment_status":"open","ping_status":"closed","template":"","meta":{"colormag_page_container_layout":"default_layout","colormag_page_sidebar_layout":"default_layout"},"product_brand":[],"product_cat":[108],"product_tag":[],"class_list":{"0":"post-109809","1":"product","2":"type-product","3":"status-publish","4":"has-post-thumbnail","6":"product_cat-misc","8":"first","9":"instock","10":"shipping-taxable","11":"purchasable","12":"product-type-simple"},"_links":{"self":[{"href":"https:\/\/automatic.ee\/ru\/wp-json\/wp\/v2\/product\/109809","targetHints":{"allow":["GET"]}}],"collection":[{"href":"https:\/\/automatic.ee\/ru\/wp-json\/wp\/v2\/product"}],"about":[{"href":"https:\/\/automatic.ee\/ru\/wp-json\/wp\/v2\/types\/product"}],"replies":[{"embeddable":true,"href":"https:\/\/automatic.ee\/ru\/wp-json\/wp\/v2\/comments?post=109809"}],"wp:featuredmedia":[{"embeddable":true,"href":"https:\/\/automatic.ee\/ru\/wp-json\/wp\/v2\/media\/109806"}],"wp:attachment":[{"href":"https:\/\/automatic.ee\/ru\/wp-json\/wp\/v2\/media?parent=109809"}],"wp:term":[{"taxonomy":"product_brand","embeddable":true,"href":"https:\/\/automatic.ee\/ru\/wp-json\/wp\/v2\/product_brand?post=109809"},{"taxonomy":"product_cat","embeddable":true,"href":"https:\/\/automatic.ee\/ru\/wp-json\/wp\/v2\/product_cat?post=109809"},{"taxonomy":"product_tag","embeddable":true,"href":"https:\/\/automatic.ee\/ru\/wp-json\/wp\/v2\/product_tag?post=109809"}],"curies":[{"name":"wp","href":"https:\/\/api.w.org\/{rel}","templated":true}]}}