{"id":109789,"date":"2025-11-04T05:10:58","date_gmt":"2025-11-04T03:10:58","guid":{"rendered":"https:\/\/automatic.ee\/toode\/oonsuse-tihendamine-1l-%d0%b3%d0%b5%d1%80%d0%bc%d0%b5%d1%82%d0%b8%d0%b7%d0%b0%d1%86%d0%b8%d1%8f-%d0%bf%d0%be%d0%bb%d0%be%d1%81%d1%82%d0%b5%d0%b9-1000ml\/"},"modified":"2025-11-04T05:10:58","modified_gmt":"2025-11-04T03:10:58","slug":"oonsuse-tihendamine-1l-%d0%b3%d0%b5%d1%80%d0%bc%d0%b5%d1%82%d0%b8%d0%b7%d0%b0%d1%86%d0%b8%d1%8f-%d0%bf%d0%be%d0%bb%d0%be%d1%81%d1%82%d0%b5%d0%b9-1000ml","status":"publish","type":"product","link":"https:\/\/automatic.ee\/ru\/toode\/oonsuse-tihendamine-1l-%d0%b3%d0%b5%d1%80%d0%bc%d0%b5%d1%82%d0%b8%d0%b7%d0%b0%d1%86%d0%b8%d1%8f-%d0%bf%d0%be%d0%bb%d0%be%d1%81%d1%82%d0%b5%d0%b9-1000ml\/","title":{"rendered":"\u00d5\u00f5nsuse tihendamine 1L \u0413\u0435\u0440\u043c\u0435\u0442\u0438\u0437\u0430\u0446\u0438\u044f \u043f\u043e\u043b\u043e\u0441\u0442\u0435\u0439 1000ML"},"content":{"rendered":"<p>KORROOSIOONIT\u00d6\u00d6\u00d6DEVAHA PROTEKTOR SISEKORROSIOONIP\u00d5LJADELE<\/p>\n<div>Suurep\u00e4rane tungimine ka k\u00f5ige v\u00e4iksematesse pragudesse ja aukudesse.<\/div>\n<div>K\u00f5rge temperatuurikindlus, sobib kasutamiseks mootoriplokkide l\u00e4heduses.<\/div>\n<div>P\u00fcsivalt elastne ja iseparanevate omadustega.<\/div>\n<div>Keemiline alus: vaha<\/div>\n<div>K\u00f5venemine: lahusti aurustumine.<\/div>\n","protected":false},"excerpt":{"rendered":"<p>370375 BERNER<\/p>\n","protected":false},"featured_media":109786,"comment_status":"open","ping_status":"closed","template":"","meta":{"colormag_page_container_layout":"default_layout","colormag_page_sidebar_layout":"default_layout"},"product_brand":[],"product_cat":[108],"product_tag":[],"class_list":{"0":"post-109789","1":"product","2":"type-product","3":"status-publish","4":"has-post-thumbnail","6":"product_cat-misc","8":"first","9":"instock","10":"shipping-taxable","11":"purchasable","12":"product-type-simple"},"_links":{"self":[{"href":"https:\/\/automatic.ee\/ru\/wp-json\/wp\/v2\/product\/109789","targetHints":{"allow":["GET"]}}],"collection":[{"href":"https:\/\/automatic.ee\/ru\/wp-json\/wp\/v2\/product"}],"about":[{"href":"https:\/\/automatic.ee\/ru\/wp-json\/wp\/v2\/types\/product"}],"replies":[{"embeddable":true,"href":"https:\/\/automatic.ee\/ru\/wp-json\/wp\/v2\/comments?post=109789"}],"wp:featuredmedia":[{"embeddable":true,"href":"https:\/\/automatic.ee\/ru\/wp-json\/wp\/v2\/media\/109786"}],"wp:attachment":[{"href":"https:\/\/automatic.ee\/ru\/wp-json\/wp\/v2\/media?parent=109789"}],"wp:term":[{"taxonomy":"product_brand","embeddable":true,"href":"https:\/\/automatic.ee\/ru\/wp-json\/wp\/v2\/product_brand?post=109789"},{"taxonomy":"product_cat","embeddable":true,"href":"https:\/\/automatic.ee\/ru\/wp-json\/wp\/v2\/product_cat?post=109789"},{"taxonomy":"product_tag","embeddable":true,"href":"https:\/\/automatic.ee\/ru\/wp-json\/wp\/v2\/product_tag?post=109789"}],"curies":[{"name":"wp","href":"https:\/\/api.w.org\/{rel}","templated":true}]}}