{"id":109741,"date":"2025-11-04T05:09:47","date_gmt":"2025-11-04T03:09:47","guid":{"rendered":"https:\/\/automatic.ee\/toode\/matt-poleerimisvahend-plastikule-300ml\/"},"modified":"2025-11-04T05:09:47","modified_gmt":"2025-11-04T03:09:47","slug":"matt-poleerimisvahend-plastikule-300ml","status":"publish","type":"product","link":"https:\/\/automatic.ee\/ru\/toode\/matt-poleerimisvahend-plastikule-300ml\/","title":{"rendered":"MATT POLEERIMISVAHEND PLASTIKULE 300ML"},"content":{"rendered":"<p>Kasutusjuhend: plastpoleerija SONAX 383 041<\/p>\n<div>Pihustage armatuurlauale ja teistele t\u00f6\u00f6deldavatele pindadele plastipoleerimist. P\u00fchkige puhastatav pind p\u00f5hjalikult sisepuhastuslappidega. V\u00f5ite kasutada mikrokiudlappi. Korrake protseduuri \u00fcks kord iga 1-2 kuu tagant v\u00f5i sagedamini, kui kasutate autot sageli.<\/div>\n<div><\/div>\n<div>Pihustage poleerimisvahendit plastikule\/kummile \u2013 t\u00f6\u00f6deldavale pinnale;<\/div>\n<div>P\u00fchkige pind p\u00f5hjalikult mikrokiudlapiga;<\/div>\n<div>Korrake protseduuri \u00fcks kord 1-2 kuu jooksul.<\/div>\n<div>puhastab, hooldab ja kaitseb plast- ja kummipindu nii auto sees kui ka v\u00e4ljas. Emulsioon tungib s\u00fcgavale t\u00f6\u00f6deldavasse pinda, kaitstes plastikut ja kummi pikka aega negatiivsete keskkonnam\u00f5jude, eriti UV ja osooni eest. On antistaatiliste omadustega ja v\u00e4rskendab v\u00e4rvi. P\u00e4rast t\u00f6\u00f6tlemist loob see siidiselt mati pinna.<\/div>\n","protected":false},"excerpt":{"rendered":"<p>383-041 SONAX<\/p>\n","protected":false},"featured_media":109738,"comment_status":"open","ping_status":"closed","template":"","meta":{"colormag_page_container_layout":"default_layout","colormag_page_sidebar_layout":"default_layout"},"product_brand":[],"product_cat":[108],"product_tag":[],"class_list":{"0":"post-109741","1":"product","2":"type-product","3":"status-publish","4":"has-post-thumbnail","6":"product_cat-misc","8":"first","9":"instock","10":"shipping-taxable","11":"purchasable","12":"product-type-simple"},"_links":{"self":[{"href":"https:\/\/automatic.ee\/ru\/wp-json\/wp\/v2\/product\/109741","targetHints":{"allow":["GET"]}}],"collection":[{"href":"https:\/\/automatic.ee\/ru\/wp-json\/wp\/v2\/product"}],"about":[{"href":"https:\/\/automatic.ee\/ru\/wp-json\/wp\/v2\/types\/product"}],"replies":[{"embeddable":true,"href":"https:\/\/automatic.ee\/ru\/wp-json\/wp\/v2\/comments?post=109741"}],"wp:featuredmedia":[{"embeddable":true,"href":"https:\/\/automatic.ee\/ru\/wp-json\/wp\/v2\/media\/109738"}],"wp:attachment":[{"href":"https:\/\/automatic.ee\/ru\/wp-json\/wp\/v2\/media?parent=109741"}],"wp:term":[{"taxonomy":"product_brand","embeddable":true,"href":"https:\/\/automatic.ee\/ru\/wp-json\/wp\/v2\/product_brand?post=109741"},{"taxonomy":"product_cat","embeddable":true,"href":"https:\/\/automatic.ee\/ru\/wp-json\/wp\/v2\/product_cat?post=109741"},{"taxonomy":"product_tag","embeddable":true,"href":"https:\/\/automatic.ee\/ru\/wp-json\/wp\/v2\/product_tag?post=109741"}],"curies":[{"name":"wp","href":"https:\/\/api.w.org\/{rel}","templated":true}]}}