{"id":109729,"date":"2025-11-04T05:09:38","date_gmt":"2025-11-04T03:09:38","guid":{"rendered":"https:\/\/automatic.ee\/toode\/stangekaitseliist-mb-a-w169-3d-5d-2004-2012\/"},"modified":"2025-11-04T05:09:38","modified_gmt":"2025-11-04T03:09:38","slug":"stangekaitseliist-mb-a-w169-3d-5d-2004-2012","status":"publish","type":"product","link":"https:\/\/automatic.ee\/ru\/toode\/stangekaitseliist-mb-a-w169-3d-5d-2004-2012\/","title":{"rendered":"STANGEKAITSELIIST  MB A (W169) 3D \/ 5D 2004-2012"},"content":{"rendered":"<p>Alu Frosti roostevabast terasest kaitseriba tagumise p\u00f5rkeraua \u00fclemise serva jaoks.<\/p>\n<div><\/div>\n<div>Praktiline riba, mis kaitseb kaitserauda h\u00f5\u00f5rdumise eest asjade peale- ja mahalaadimisel pagasiruumist. See praktiline lisavarustus annab autole ka luksusliku v\u00e4limuse, riba on tehases v\u00e4ga kaunilt t\u00f6\u00f6deldud ning kokkupanek toimub tootes sisalduva kahepoolse teibi liimimisega. Kasutades laadimishuule katet, s\u00e4ilitate oma s\u00f5iduki kaitseraua ja s\u00e4\u00e4state seel\u00e4bi v\u00f5imalike tulevaste remondit\u00f6\u00f6de arvelt.<\/div>\n<div><\/div>\n<div>See riba sobib t\u00e4pselt Mercedes Benz A W169 (06.2004 &#8212; 05.2012) autodele.<\/div>\n<div><\/div>\n<div>Tehnilised andmed:<\/div>\n<div><\/div>\n<div>harjatud roostevaba teras (\u00fclemisel osal on pisarakujulised v\u00e4ljaulatuvad osad)<\/div>\n<div>hoiab \u00e4ra kaitseraua \u00fclemise serva kahjustamise<\/div>\n<div>katab ainult kaitseraua \u00fclemise pinna (ei kata serva)<\/div>\n<div>See on ilus auto disainielement<\/div>\n<div>v\u00e4ga kvaliteetne tehases valmistatud<\/div>\n<div>v\u00e4ga lihtne kokkupanek liimimise teel (kaasas kahepoolne teip)<\/div>\n<div>kohandamine<\/div>\n<div> <\/div>\n<div><\/div>\n<div>Koormushuule katte paigaldamine:<\/div>\n<div><\/div>\n<div>Enne montaa\u017ei alustamist on vaja tagada soodne temperatuurire\u017eiim (20\u00b0C), v\u00f5imalusel sama auto kerele ja monteeritud ribale.<\/div>\n<div>puhastage ja rasvatage korpuse pind p\u00f5hjalikult varda paigaldamise kohtades<\/div>\n<div>kinnita riba maapinnale, m\u00e4rgi kehale koht, kuhu riba liimid (m\u00e4rgistamiseks soovitame maalriteipi, v\u00f5id kasutada ka markerit)<\/div>\n<div>koorige ribalt v\u00e4rviline kaitseteip ja kleepige see ettevaatlikult peale<\/div>\n<div>olge ettevaatlik ja liimige plank esimest korda, teip on v\u00e4ga tugeva nakkumisega (lahtiv\u00f5tmine v\u00f5ib planku kahjustada)<\/div>\n","protected":false},"excerpt":{"rendered":"<p>39-2003<\/p>\n","protected":false},"featured_media":109726,"comment_status":"open","ping_status":"closed","template":"","meta":{"colormag_page_container_layout":"default_layout","colormag_page_sidebar_layout":"default_layout"},"product_brand":[],"product_cat":[163,136],"product_tag":[],"class_list":{"0":"post-109729","1":"product","2":"type-product","3":"status-publish","4":"has-post-thumbnail","6":"product_cat-liist-tuning","7":"product_cat-lisavarustus","9":"first","10":"instock","11":"shipping-taxable","12":"purchasable","13":"product-type-simple"},"_links":{"self":[{"href":"https:\/\/automatic.ee\/ru\/wp-json\/wp\/v2\/product\/109729","targetHints":{"allow":["GET"]}}],"collection":[{"href":"https:\/\/automatic.ee\/ru\/wp-json\/wp\/v2\/product"}],"about":[{"href":"https:\/\/automatic.ee\/ru\/wp-json\/wp\/v2\/types\/product"}],"replies":[{"embeddable":true,"href":"https:\/\/automatic.ee\/ru\/wp-json\/wp\/v2\/comments?post=109729"}],"wp:featuredmedia":[{"embeddable":true,"href":"https:\/\/automatic.ee\/ru\/wp-json\/wp\/v2\/media\/109726"}],"wp:attachment":[{"href":"https:\/\/automatic.ee\/ru\/wp-json\/wp\/v2\/media?parent=109729"}],"wp:term":[{"taxonomy":"product_brand","embeddable":true,"href":"https:\/\/automatic.ee\/ru\/wp-json\/wp\/v2\/product_brand?post=109729"},{"taxonomy":"product_cat","embeddable":true,"href":"https:\/\/automatic.ee\/ru\/wp-json\/wp\/v2\/product_cat?post=109729"},{"taxonomy":"product_tag","embeddable":true,"href":"https:\/\/automatic.ee\/ru\/wp-json\/wp\/v2\/product_tag?post=109729"}],"curies":[{"name":"wp","href":"https:\/\/api.w.org\/{rel}","templated":true}]}}