{"id":109693,"date":"2025-11-04T05:09:03","date_gmt":"2025-11-04T03:09:03","guid":{"rendered":"https:\/\/automatic.ee\/toode\/stangekaitseliist-subaru-forester-ii-2002-2008\/"},"modified":"2025-11-04T05:09:03","modified_gmt":"2025-11-04T03:09:03","slug":"stangekaitseliist-subaru-forester-ii-2002-2008","status":"publish","type":"product","link":"https:\/\/automatic.ee\/ru\/toode\/stangekaitseliist-subaru-forester-ii-2002-2008\/","title":{"rendered":"STANGEKAITSELIIST  SUBARU Forester II  2002-2008"},"content":{"rendered":"<p>Alu Frosti roostevabast terasest kaitseriba tagumise p\u00f5rkeraua \u00fclemise serva jaoks.<\/p>\n<div><\/div>\n<div>Praktiline riba, mis kaitseb kaitserauda h\u00f5\u00f5rdumise eest asjade peale- ja mahalaadimisel pagasiruumist. See praktiline lisavarustus annab autole ka luksusliku v\u00e4limuse, latt on tehases v\u00e4ga kaunilt t\u00f6\u00f6deldud ning kokkupanek toimub tootes sisalduva kahepoolse teibi liimimise teel. Kasutades laadimishuule katet, s\u00e4ilitate oma s\u00f5iduki kaitseraua ja s\u00e4\u00e4state seel\u00e4bi tulevaste remondikuludelt.<\/div>\n<div><\/div>\n<div>M\u00f5eldud autodele: Subaru Forester II (07.2002 &#8212; 2008).<\/div>\n<div><\/div>\n<div>Paigaldamine: liimimine ribas sisalduva kahepoolse teibiga.<\/div>\n<div><\/div>\n<div>Materjal: harjatud roostevaba teras.<\/div>\n<div><\/div>\n<div>Tehnilised andmed:<\/div>\n<div><\/div>\n<div>roostevaba teras<\/div>\n<div>hoiab \u00e4ra kaitseraua \u00fclemise serva kahjustamise<\/div>\n<div>See on ilus auto disainielement<\/div>\n<div>v\u00e4ga kvaliteetne tehases valmistatud<\/div>\n<div>v\u00e4ga lihtne kokkupanek liimimise teel (kaasas kahepoolne teip)<\/div>\n","protected":false},"excerpt":{"rendered":"<p>39-2112<\/p>\n","protected":false},"featured_media":109690,"comment_status":"open","ping_status":"closed","template":"","meta":{"colormag_page_container_layout":"default_layout","colormag_page_sidebar_layout":"default_layout"},"product_brand":[],"product_cat":[163,136],"product_tag":[],"class_list":{"0":"post-109693","1":"product","2":"type-product","3":"status-publish","4":"has-post-thumbnail","6":"product_cat-liist-tuning","7":"product_cat-lisavarustus","9":"first","10":"instock","11":"shipping-taxable","12":"purchasable","13":"product-type-simple"},"_links":{"self":[{"href":"https:\/\/automatic.ee\/ru\/wp-json\/wp\/v2\/product\/109693","targetHints":{"allow":["GET"]}}],"collection":[{"href":"https:\/\/automatic.ee\/ru\/wp-json\/wp\/v2\/product"}],"about":[{"href":"https:\/\/automatic.ee\/ru\/wp-json\/wp\/v2\/types\/product"}],"replies":[{"embeddable":true,"href":"https:\/\/automatic.ee\/ru\/wp-json\/wp\/v2\/comments?post=109693"}],"wp:featuredmedia":[{"embeddable":true,"href":"https:\/\/automatic.ee\/ru\/wp-json\/wp\/v2\/media\/109690"}],"wp:attachment":[{"href":"https:\/\/automatic.ee\/ru\/wp-json\/wp\/v2\/media?parent=109693"}],"wp:term":[{"taxonomy":"product_brand","embeddable":true,"href":"https:\/\/automatic.ee\/ru\/wp-json\/wp\/v2\/product_brand?post=109693"},{"taxonomy":"product_cat","embeddable":true,"href":"https:\/\/automatic.ee\/ru\/wp-json\/wp\/v2\/product_cat?post=109693"},{"taxonomy":"product_tag","embeddable":true,"href":"https:\/\/automatic.ee\/ru\/wp-json\/wp\/v2\/product_tag?post=109693"}],"curies":[{"name":"wp","href":"https:\/\/api.w.org\/{rel}","templated":true}]}}