{"id":109521,"date":"2025-11-04T05:05:56","date_gmt":"2025-11-04T03:05:56","guid":{"rendered":"https:\/\/automatic.ee\/toode\/ohuvarskendaja-kirsiois-aerosool-75ml\/"},"modified":"2025-11-04T05:05:56","modified_gmt":"2025-11-04T03:05:56","slug":"ohuvarskendaja-kirsiois-aerosool-75ml","status":"publish","type":"product","link":"https:\/\/automatic.ee\/ru\/toode\/ohuvarskendaja-kirsiois-aerosool-75ml\/","title":{"rendered":"\u00d5huv\u00e4rskendaja Kirsi\u00f5is aerosool 75ml"},"content":{"rendered":"<ul>\n<li><span class=\"aNeGP0gI0B9AV8JaHPyH\">Neutraliseerib<\/span> <span class=\"aNeGP0gI0B9AV8JaHPyH\">kiiresti ja t\u00f5husalt igat<\/span> <span class=\"aNeGP0gI0B9AV8JaHPyH\">t\u00fc\u00fcpi ebameeldivad<\/span> <span class=\"aNeGP0gI0B9AV8JaHPyH\">l\u00f5hnad<\/span><\/li>\n<li><span class=\"aNeGP0gI0B9AV8JaHPyH\">Kuni kaks n\u00e4dalat roosa<\/span> <span class=\"aNeGP0gI0B9AV8JaHPyH\">\u00f5ie<\/span> <span class=\"aNeGP0gI0B9AV8JaHPyH\">l\u00f5hna<\/span><\/li>\n<\/ul>\n","protected":false},"excerpt":{"rendered":"<p>407881 BERNER<\/p>\n","protected":false},"featured_media":109518,"comment_status":"open","ping_status":"closed","template":"","meta":{"colormag_page_container_layout":"default_layout","colormag_page_sidebar_layout":"default_layout"},"product_brand":[],"product_cat":[108],"product_tag":[],"class_list":{"0":"post-109521","1":"product","2":"type-product","3":"status-publish","4":"has-post-thumbnail","6":"product_cat-misc","8":"first","9":"instock","10":"shipping-taxable","11":"purchasable","12":"product-type-simple"},"_links":{"self":[{"href":"https:\/\/automatic.ee\/ru\/wp-json\/wp\/v2\/product\/109521","targetHints":{"allow":["GET"]}}],"collection":[{"href":"https:\/\/automatic.ee\/ru\/wp-json\/wp\/v2\/product"}],"about":[{"href":"https:\/\/automatic.ee\/ru\/wp-json\/wp\/v2\/types\/product"}],"replies":[{"embeddable":true,"href":"https:\/\/automatic.ee\/ru\/wp-json\/wp\/v2\/comments?post=109521"}],"wp:featuredmedia":[{"embeddable":true,"href":"https:\/\/automatic.ee\/ru\/wp-json\/wp\/v2\/media\/109518"}],"wp:attachment":[{"href":"https:\/\/automatic.ee\/ru\/wp-json\/wp\/v2\/media?parent=109521"}],"wp:term":[{"taxonomy":"product_brand","embeddable":true,"href":"https:\/\/automatic.ee\/ru\/wp-json\/wp\/v2\/product_brand?post=109521"},{"taxonomy":"product_cat","embeddable":true,"href":"https:\/\/automatic.ee\/ru\/wp-json\/wp\/v2\/product_cat?post=109521"},{"taxonomy":"product_tag","embeddable":true,"href":"https:\/\/automatic.ee\/ru\/wp-json\/wp\/v2\/product_tag?post=109521"}],"curies":[{"name":"wp","href":"https:\/\/api.w.org\/{rel}","templated":true}]}}