{"id":109045,"date":"2025-11-04T04:56:44","date_gmt":"2025-11-04T02:56:44","guid":{"rendered":"https:\/\/automatic.ee\/toode\/radiaatori-lekkepeataja-250ml\/"},"modified":"2025-11-04T04:56:44","modified_gmt":"2025-11-04T02:56:44","slug":"radiaatori-lekkepeataja-250ml","status":"publish","type":"product","link":"https:\/\/automatic.ee\/ru\/toode\/radiaatori-lekkepeataja-250ml\/","title":{"rendered":"RADIAATORI LEKKEPEATAJA 250ml"},"content":{"rendered":"<p>Tihendab kahjustunud ning lekkivad radiaatorid ja voolikud.<\/p>\n<p>Ei kahjusta plastikut, tihendeid ega metallpindu. Kasutatav ka ennetava vahendina.<\/p>\n<p><strong>Kasutamine:<\/strong> raputage pudelit enne kasutamist tugevalt. Laske mootoril t\u00f6\u00f6tades \u00fcles soojeneda. Seisake mootor. Valage sisu radiaatorisse v\u00f5i otse jahutusringi (mootor ei tohi olla kuum: p\u00f5letusoht!). K\u00e4ivitage uuesti mootor ning l\u00fclitage soojendus k\u00f5ige suurema v\u00f5imsuse peale v\u00e4hemalt 10 minutiks, et aine \u00fchtlaselt jaotuks. Seej\u00e4rel lisage vajadusel jahutuss\u00fcsteemi vett juurde.<\/p>\n<p><strong>T\u00e4helepanu:<\/strong> \u00e4rge valage ainet paisupaaki. Kui radiaatoril puudub kork, lisage aine radiaatorisse \u00fclemise vooliku kaudu. <\/p>\n","protected":false},"excerpt":{"rendered":"<p>442-141 SONAX<\/p>\n","protected":false},"featured_media":109042,"comment_status":"open","ping_status":"closed","template":"","meta":{"colormag_page_container_layout":"default_layout","colormag_page_sidebar_layout":"default_layout"},"product_brand":[],"product_cat":[108],"product_tag":[],"class_list":{"0":"post-109045","1":"product","2":"type-product","3":"status-publish","4":"has-post-thumbnail","6":"product_cat-misc","8":"first","9":"instock","10":"shipping-taxable","11":"purchasable","12":"product-type-simple"},"_links":{"self":[{"href":"https:\/\/automatic.ee\/ru\/wp-json\/wp\/v2\/product\/109045","targetHints":{"allow":["GET"]}}],"collection":[{"href":"https:\/\/automatic.ee\/ru\/wp-json\/wp\/v2\/product"}],"about":[{"href":"https:\/\/automatic.ee\/ru\/wp-json\/wp\/v2\/types\/product"}],"replies":[{"embeddable":true,"href":"https:\/\/automatic.ee\/ru\/wp-json\/wp\/v2\/comments?post=109045"}],"wp:featuredmedia":[{"embeddable":true,"href":"https:\/\/automatic.ee\/ru\/wp-json\/wp\/v2\/media\/109042"}],"wp:attachment":[{"href":"https:\/\/automatic.ee\/ru\/wp-json\/wp\/v2\/media?parent=109045"}],"wp:term":[{"taxonomy":"product_brand","embeddable":true,"href":"https:\/\/automatic.ee\/ru\/wp-json\/wp\/v2\/product_brand?post=109045"},{"taxonomy":"product_cat","embeddable":true,"href":"https:\/\/automatic.ee\/ru\/wp-json\/wp\/v2\/product_cat?post=109045"},{"taxonomy":"product_tag","embeddable":true,"href":"https:\/\/automatic.ee\/ru\/wp-json\/wp\/v2\/product_tag?post=109045"}],"curies":[{"name":"wp","href":"https:\/\/api.w.org\/{rel}","templated":true}]}}