{"id":109041,"date":"2025-11-04T04:56:41","date_gmt":"2025-11-04T02:56:41","guid":{"rendered":"https:\/\/automatic.ee\/toode\/lookpadrunvotmed-1-2-6pt-2\/"},"modified":"2025-11-04T04:56:41","modified_gmt":"2025-11-04T02:56:41","slug":"lookpadrunvotmed-1-2-6pt-2","status":"publish","type":"product","link":"https:\/\/automatic.ee\/ru\/toode\/lookpadrunvotmed-1-2-6pt-2\/","title":{"rendered":"L\u00f6\u00f6kpadrunv\u00f5tmed &#8212; 1\/2&#8243; 6PT"},"content":{"rendered":"<p><img decoding=\"async\" src=\"https:\/\/www.kingtony.com\/products\/icon\/3-f1.jpg\"><\/p>\n","protected":false},"excerpt":{"rendered":"<p>4435<\/p>\n","protected":false},"featured_media":109038,"comment_status":"open","ping_status":"closed","template":"","meta":{"colormag_page_container_layout":"default_layout","colormag_page_sidebar_layout":"default_layout"},"product_brand":[],"product_cat":[145,116,170,142],"product_tag":[],"class_list":{"0":"post-109041","1":"product","2":"type-product","3":"status-publish","4":"has-post-thumbnail","6":"product_cat-1-2-tooriistad-komplektid","7":"product_cat-kasitooriist","8":"product_cat-padrunvotmed","9":"product_cat-tooriistad","11":"first","12":"instock","13":"shipping-taxable","14":"purchasable","15":"product-type-simple"},"_links":{"self":[{"href":"https:\/\/automatic.ee\/ru\/wp-json\/wp\/v2\/product\/109041","targetHints":{"allow":["GET"]}}],"collection":[{"href":"https:\/\/automatic.ee\/ru\/wp-json\/wp\/v2\/product"}],"about":[{"href":"https:\/\/automatic.ee\/ru\/wp-json\/wp\/v2\/types\/product"}],"replies":[{"embeddable":true,"href":"https:\/\/automatic.ee\/ru\/wp-json\/wp\/v2\/comments?post=109041"}],"wp:featuredmedia":[{"embeddable":true,"href":"https:\/\/automatic.ee\/ru\/wp-json\/wp\/v2\/media\/109038"}],"wp:attachment":[{"href":"https:\/\/automatic.ee\/ru\/wp-json\/wp\/v2\/media?parent=109041"}],"wp:term":[{"taxonomy":"product_brand","embeddable":true,"href":"https:\/\/automatic.ee\/ru\/wp-json\/wp\/v2\/product_brand?post=109041"},{"taxonomy":"product_cat","embeddable":true,"href":"https:\/\/automatic.ee\/ru\/wp-json\/wp\/v2\/product_cat?post=109041"},{"taxonomy":"product_tag","embeddable":true,"href":"https:\/\/automatic.ee\/ru\/wp-json\/wp\/v2\/product_tag?post=109041"}],"curies":[{"name":"wp","href":"https:\/\/api.w.org\/{rel}","templated":true}]}}