{"id":109017,"date":"2025-11-04T04:56:16","date_gmt":"2025-11-04T02:56:16","guid":{"rendered":"https:\/\/automatic.ee\/toode\/puhastusssavi-200g-karbis\/"},"modified":"2025-11-04T04:56:16","modified_gmt":"2025-11-04T02:56:16","slug":"puhastusssavi-200g-karbis","status":"publish","type":"product","link":"https:\/\/automatic.ee\/ru\/toode\/puhastusssavi-200g-karbis\/","title":{"rendered":"PUHASTUSSSAVI 200G KARBIS"},"content":{"rendered":"<p>SONAX 450-205<\/p>\n<p>Spetsiaalne plastiliin v\u00e4rvi puhastamiseks. Pehme savi v\u00e4rvipritsmete, t\u00f6\u00f6stuslike metalliosakeste, puuvaigu, putukaheitmete, t\u00f5rva ja muu raskesti-eemaldatava mustuse eemaldamiseks auto v\u00e4rvitud pindadelt.<\/p>\n<p>Kasutamisjuhend: peske auto puhtaks. Pihustage t\u00f6\u00f6tlemist vajavatele pindadele SONAX klaasipuhastusvahendit. H\u00f5\u00f5ruge t\u00f6\u00f6deldavat pinda \u00f5rnalt saviga tehes ringikujulisi liigutusi. Kui savi kasutamisel t\u00fckkideks laguneb, vormige see uuesti.<\/p>\n","protected":false},"excerpt":{"rendered":"<p>450-205 SONAX<\/p>\n","protected":false},"featured_media":109014,"comment_status":"open","ping_status":"closed","template":"","meta":{"colormag_page_container_layout":"default_layout","colormag_page_sidebar_layout":"default_layout"},"product_brand":[],"product_cat":[108],"product_tag":[],"class_list":{"0":"post-109017","1":"product","2":"type-product","3":"status-publish","4":"has-post-thumbnail","6":"product_cat-misc","8":"first","9":"instock","10":"shipping-taxable","11":"purchasable","12":"product-type-simple"},"_links":{"self":[{"href":"https:\/\/automatic.ee\/ru\/wp-json\/wp\/v2\/product\/109017","targetHints":{"allow":["GET"]}}],"collection":[{"href":"https:\/\/automatic.ee\/ru\/wp-json\/wp\/v2\/product"}],"about":[{"href":"https:\/\/automatic.ee\/ru\/wp-json\/wp\/v2\/types\/product"}],"replies":[{"embeddable":true,"href":"https:\/\/automatic.ee\/ru\/wp-json\/wp\/v2\/comments?post=109017"}],"wp:featuredmedia":[{"embeddable":true,"href":"https:\/\/automatic.ee\/ru\/wp-json\/wp\/v2\/media\/109014"}],"wp:attachment":[{"href":"https:\/\/automatic.ee\/ru\/wp-json\/wp\/v2\/media?parent=109017"}],"wp:term":[{"taxonomy":"product_brand","embeddable":true,"href":"https:\/\/automatic.ee\/ru\/wp-json\/wp\/v2\/product_brand?post=109017"},{"taxonomy":"product_cat","embeddable":true,"href":"https:\/\/automatic.ee\/ru\/wp-json\/wp\/v2\/product_cat?post=109017"},{"taxonomy":"product_tag","embeddable":true,"href":"https:\/\/automatic.ee\/ru\/wp-json\/wp\/v2\/product_tag?post=109017"}],"curies":[{"name":"wp","href":"https:\/\/api.w.org\/{rel}","templated":true}]}}