{"id":108997,"date":"2025-11-04T04:55:58","date_gmt":"2025-11-04T02:55:58","guid":{"rendered":"https:\/\/automatic.ee\/toode\/1-2-tooriistakomplekt-24os-king-tony\/"},"modified":"2025-11-04T04:55:58","modified_gmt":"2025-11-04T02:55:58","slug":"1-2-tooriistakomplekt-24os-king-tony","status":"publish","type":"product","link":"https:\/\/automatic.ee\/ru\/toode\/1-2-tooriistakomplekt-24os-king-tony\/","title":{"rendered":"1\/2 T\u00d6\u00d6RIISTAKOMPLEKT. 24os &#8212; KING TONY"},"content":{"rendered":"<table class=\"ecwid-description-table\">\n<thead>\n<tr>\n<th><a href=\"https:\/\/atd.ee\/e-pood\/Narre-1-2-DR-p263063023\" class=\"md-opjjpmhoiojifppkkcdabiobhakljdgm_doc\">Narre 1\/2&#8243;<\/a><\/th>\n<th><a href=\"https:\/\/atd.ee\/e-pood\/Liigendv%C3%B5ti-375-mm-1-2-DR-p263297438\" class=\"md-opjjpmhoiojifppkkcdabiobhakljdgm_doc\">Liigendv\u00f5ti<\/a><\/th>\n<th>\n<p><a href=\"https:\/\/atd.ee\/e-pood\/Pikendus-5-1-2-p263181515\" class=\"md-opjjpmhoiojifppkkcdabiobhakljdgm_doc\">Pikendused: 5&#8243;;10&#8243;<\/a><\/p>\n<\/th>\n<th><a href=\"https:\/\/atd.ee\/e-pood\/Kardaan-1-2-DR-p263301106\" class=\"md-opjjpmhoiojifppkkcdabiobhakljdgm_doc\">Kardaan<\/a><\/th>\n<th><a href=\"https:\/\/atd.ee\/e-pood\/S%C3%BC%C3%BCtek%C3%BC%C3%BCnla-v%C3%B5ti-kummist-pesaga-1-2-DR-13-16-%CB%8721mm-6PT-p263301246\" class=\"md-opjjpmhoiojifppkkcdabiobhakljdgm_doc\">K\u00fc\u00fcnlav\u00f5ti 21mm<\/a><\/th>\n<\/tr>\n<\/thead>\n<tbody>\n<tr>\n<td><a href=\"https:\/\/atd.ee\/e-pood\/Narre-1-2-DR-p263063023\" class=\"md-opjjpmhoiojifppkkcdabiobhakljdgm_doc\"><img decoding=\"async\" src=\"https:\/\/s3.amazonaws.com\/images.ecwid.com\/images\/wysiwyg\/product\/38057086\/261957458\/1607500270254329538371\/4779_10FR_v_png\" alt=\"\"><\/a><\/td>\n<td><a href=\"https:\/\/atd.ee\/e-pood\/Liigendv%C3%B5ti-375-mm-1-2-DR-p263297438\" class=\"md-opjjpmhoiojifppkkcdabiobhakljdgm_doc\"><img decoding=\"async\" src=\"https:\/\/s3.amazonaws.com\/images.ecwid.com\/images\/wysiwyg\/product\/38057086\/261957458\/16075012064981186070938\/4452_15FR_v_png\" alt=\"\"><\/a><\/td>\n<td><a href=\"https:\/\/atd.ee\/e-pood\/Pikendus-5-1-2-p263181515\" class=\"md-opjjpmhoiojifppkkcdabiobhakljdgm_doc\"><img decoding=\"async\" src=\"https:\/\/s3.amazonaws.com\/images.ecwid.com\/images\/wysiwyg\/product\/38057086\/261957458\/1607500718519-1417423107\/4251R_v_png\" alt=\"\"><\/a><\/td>\n<td><a href=\"https:\/\/atd.ee\/e-pood\/Kardaan-1-2-DR-p263301106\" class=\"md-opjjpmhoiojifppkkcdabiobhakljdgm_doc\"><img decoding=\"async\" src=\"https:\/\/s3.amazonaws.com\/images.ecwid.com\/images\/wysiwyg\/product\/38057086\/261957458\/1607500979726-2082748255\/4791R_v_png\" alt=\"\"><\/a><\/td>\n<td><a href=\"https:\/\/atd.ee\/e-pood\/S%C3%BC%C3%BCtek%C3%BC%C3%BCnla-v%C3%B5ti-kummist-pesaga-1-2-DR-13-16-%CB%8721mm-6PT-p263301246\" class=\"md-opjjpmhoiojifppkkcdabiobhakljdgm_doc\"><img decoding=\"async\" src=\"https:\/\/s3.amazonaws.com\/images.ecwid.com\/images\/wysiwyg\/product\/38057086\/261957458\/1607501264547-2055556800\/463521R_v_png\" alt=\"\"><\/a><\/td>\n<\/tr>\n<\/tbody>\n<\/table>\n<table class=\"ecwid-description-table\">\n<tbody>\n<tr>\n<td><a href=\"https:\/\/atd.ee\/e-pood\/Padrunv%C3%B5ti-1-2-DR-6PT-p263557087\" class=\"md-opjjpmhoiojifppkkcdabiobhakljdgm_doc\">10 mm<\/a><\/td>\n<td><a href=\"https:\/\/atd.ee\/e-pood\/Padrunv%C3%B5ti-1-2-DR-6PT-p263557087\" class=\"md-opjjpmhoiojifppkkcdabiobhakljdgm_doc\">11 mm<\/a><\/td>\n<td><a href=\"https:\/\/atd.ee\/e-pood\/Padrunv%C3%B5ti-1-2-DR-6PT-p263557087\" class=\"md-opjjpmhoiojifppkkcdabiobhakljdgm_doc\">12 mm<\/a><\/td>\n<td><a href=\"https:\/\/atd.ee\/e-pood\/Padrunv%C3%B5ti-1-2-DR-6PT-p263557087\" class=\"md-opjjpmhoiojifppkkcdabiobhakljdgm_doc\">13 mm<\/a><\/td>\n<td><a href=\"https:\/\/atd.ee\/e-pood\/Padrunv%C3%B5ti-1-2-DR-6PT-p263557087\" class=\"md-opjjpmhoiojifppkkcdabiobhakljdgm_doc\">14 mm<\/a><\/td>\n<td><a href=\"https:\/\/atd.ee\/e-pood\/Padrunv%C3%B5ti-1-2-DR-6PT-p263557087\" class=\"md-opjjpmhoiojifppkkcdabiobhakljdgm_doc\">15 mm<\/a><\/td>\n<\/tr>\n<tr>\n<td><a href=\"https:\/\/atd.ee\/e-pood\/Padrunv%C3%B5ti-1-2-DR-6PT-p263557087\" class=\"md-opjjpmhoiojifppkkcdabiobhakljdgm_doc\">16 mm<\/a><\/td>\n<td><a href=\"https:\/\/atd.ee\/e-pood\/Padrunv%C3%B5ti-1-2-DR-6PT-p263557087\" class=\"md-opjjpmhoiojifppkkcdabiobhakljdgm_doc\">17 mm<\/a><\/td>\n<td><a href=\"https:\/\/atd.ee\/e-pood\/Padrunv%C3%B5ti-1-2-DR-6PT-p263557087\" class=\"md-opjjpmhoiojifppkkcdabiobhakljdgm_doc\">18 mm<\/a><\/td>\n<td><a href=\"https:\/\/atd.ee\/e-pood\/Padrunv%C3%B5ti-1-2-DR-6PT-p263557087\" class=\"md-opjjpmhoiojifppkkcdabiobhakljdgm_doc\">19 mm<\/a><\/td>\n<td><a href=\"https:\/\/atd.ee\/e-pood\/Padrunv%C3%B5ti-1-2-DR-6PT-p263557087\" class=\"md-opjjpmhoiojifppkkcdabiobhakljdgm_doc\">20 mm<\/a><\/td>\n<td><a href=\"https:\/\/atd.ee\/e-pood\/Padrunv%C3%B5ti-1-2-DR-6PT-p263557087\" class=\"md-opjjpmhoiojifppkkcdabiobhakljdgm_doc\">21 mm<\/a><\/td>\n<\/tr>\n<tr>\n<td><a href=\"https:\/\/atd.ee\/e-pood\/Padrunv%C3%B5ti-1-2-DR-6PT-p263557087\" class=\"md-opjjpmhoiojifppkkcdabiobhakljdgm_doc\">22 mm<\/a><\/td>\n<td><a href=\"https:\/\/atd.ee\/e-pood\/Padrunv%C3%B5ti-1-2-DR-6PT-p263557087\" class=\"md-opjjpmhoiojifppkkcdabiobhakljdgm_doc\">23 mm<\/a><\/td>\n<td><a href=\"https:\/\/atd.ee\/e-pood\/Padrunv%C3%B5ti-1-2-DR-6PT-p263557087\" class=\"md-opjjpmhoiojifppkkcdabiobhakljdgm_doc\">24 mm<\/a><\/td>\n<td><a href=\"https:\/\/atd.ee\/e-pood\/Padrunv%C3%B5ti-1-2-DR-6PT-p263557087\" class=\"md-opjjpmhoiojifppkkcdabiobhakljdgm_doc\">27 mm<\/a><\/td>\n<td><a href=\"https:\/\/atd.ee\/e-pood\/Padrunv%C3%B5ti-1-2-DR-6PT-p263557087\" class=\"md-opjjpmhoiojifppkkcdabiobhakljdgm_doc\">30 mm<\/a><\/td>\n<td><a href=\"https:\/\/atd.ee\/e-pood\/Padrunv%C3%B5ti-1-2-DR-6PT-p263557087\" class=\"md-opjjpmhoiojifppkkcdabiobhakljdgm_doc\">32 mm<\/a><\/td>\n<\/tr>\n<tr>\n<td><a href=\"https:\/\/atd.ee\/e-pood\/Padrunv%C3%B5ti-1-2-DR-6PT-p263557087\" class=\"md-opjjpmhoiojifppkkcdabiobhakljdgm_doc\"><img decoding=\"async\" src=\"https:\/\/s3.amazonaws.com\/images.ecwid.com\/images\/wysiwyg\/product\/38057086\/261957458\/16075030106941350658282\/4335MR_v_png\" alt=\"\" style=\"margin: auto\"><\/a><a href=\"https:\/\/atd.ee\/e-pood\/Padrunv%C3%B5ti-1-2-DR-6PT-p263557087\" class=\"md-opjjpmhoiojifppkkcdabiobhakljdgm_doc\"><\/a><\/td>\n<td><a href=\"https:\/\/atd.ee\/e-pood\/Padrunv%C3%B5ti-1-2-DR-6PT-p263557087\" class=\"md-opjjpmhoiojifppkkcdabiobhakljdgm_doc\"><\/a><\/td>\n<td><a href=\"https:\/\/atd.ee\/e-pood\/Padrunv%C3%B5ti-1-2-DR-6PT-p263557087\" class=\"md-opjjpmhoiojifppkkcdabiobhakljdgm_doc\"><\/a><\/td>\n<td><a href=\"https:\/\/atd.ee\/e-pood\/Padrunv%C3%B5ti-1-2-DR-6PT-p263557087\" class=\"md-opjjpmhoiojifppkkcdabiobhakljdgm_doc\"><\/a><\/td>\n<td><a href=\"https:\/\/atd.ee\/e-pood\/Padrunv%C3%B5ti-1-2-DR-6PT-p263557087\" class=\"md-opjjpmhoiojifppkkcdabiobhakljdgm_doc\"><\/a><\/td>\n<td><a href=\"https:\/\/atd.ee\/e-pood\/Padrunv%C3%B5ti-1-2-DR-6PT-p263557087\" class=\"md-opjjpmhoiojifppkkcdabiobhakljdgm_doc\"><\/a><\/td>\n<\/tr>\n<\/tbody>\n<\/table>\n<p><\/p>\n","protected":false},"excerpt":{"rendered":"<p>4532MR<\/p>\n","protected":false},"featured_media":108994,"comment_status":"open","ping_status":"closed","template":"","meta":{"colormag_page_container_layout":"default_layout","colormag_page_sidebar_layout":"default_layout"},"product_brand":[],"product_cat":[145,116,142],"product_tag":[],"class_list":{"0":"post-108997","1":"product","2":"type-product","3":"status-publish","4":"has-post-thumbnail","6":"product_cat-1-2-tooriistad-komplektid","7":"product_cat-kasitooriist","8":"product_cat-tooriistad","10":"first","11":"instock","12":"shipping-taxable","13":"purchasable","14":"product-type-simple"},"_links":{"self":[{"href":"https:\/\/automatic.ee\/ru\/wp-json\/wp\/v2\/product\/108997","targetHints":{"allow":["GET"]}}],"collection":[{"href":"https:\/\/automatic.ee\/ru\/wp-json\/wp\/v2\/product"}],"about":[{"href":"https:\/\/automatic.ee\/ru\/wp-json\/wp\/v2\/types\/product"}],"replies":[{"embeddable":true,"href":"https:\/\/automatic.ee\/ru\/wp-json\/wp\/v2\/comments?post=108997"}],"wp:featuredmedia":[{"embeddable":true,"href":"https:\/\/automatic.ee\/ru\/wp-json\/wp\/v2\/media\/108994"}],"wp:attachment":[{"href":"https:\/\/automatic.ee\/ru\/wp-json\/wp\/v2\/media?parent=108997"}],"wp:term":[{"taxonomy":"product_brand","embeddable":true,"href":"https:\/\/automatic.ee\/ru\/wp-json\/wp\/v2\/product_brand?post=108997"},{"taxonomy":"product_cat","embeddable":true,"href":"https:\/\/automatic.ee\/ru\/wp-json\/wp\/v2\/product_cat?post=108997"},{"taxonomy":"product_tag","embeddable":true,"href":"https:\/\/automatic.ee\/ru\/wp-json\/wp\/v2\/product_tag?post=108997"}],"curies":[{"name":"wp","href":"https:\/\/api.w.org\/{rel}","templated":true}]}}