{"id":108973,"date":"2025-11-04T04:55:27","date_gmt":"2025-11-04T02:55:27","guid":{"rendered":"https:\/\/automatic.ee\/toode\/kuunlavoti-kummist-pesaga-1-2-13-16-21mm-6pt-king-tony\/"},"modified":"2025-11-04T04:55:27","modified_gmt":"2025-11-04T02:55:27","slug":"kuunlavoti-kummist-pesaga-1-2-13-16-21mm-6pt-king-tony","status":"publish","type":"product","link":"https:\/\/automatic.ee\/ru\/toode\/kuunlavoti-kummist-pesaga-1-2-13-16-21mm-6pt-king-tony\/","title":{"rendered":"K\u00fc\u00fcnlav\u00f5ti kummist pesaga 1\/2 13\/16  21mm &#8212; 6PT KING TONY"},"content":{"rendered":"<p><img decoding=\"async\" src=\"https:\/\/www.kingtony.com\/products\/icon\/3-f1.jpg\"><\/p>\n<p>20.8mm (13\/16&#8243;); L=70 mm<\/p>\n","protected":false},"excerpt":{"rendered":"<p>463521R<\/p>\n","protected":false},"featured_media":108970,"comment_status":"open","ping_status":"closed","template":"","meta":{"colormag_page_container_layout":"default_layout","colormag_page_sidebar_layout":"default_layout"},"product_brand":[],"product_cat":[145,116,170,142],"product_tag":[],"class_list":{"0":"post-108973","1":"product","2":"type-product","3":"status-publish","4":"has-post-thumbnail","6":"product_cat-1-2-tooriistad-komplektid","7":"product_cat-kasitooriist","8":"product_cat-padrunvotmed","9":"product_cat-tooriistad","11":"first","12":"instock","13":"shipping-taxable","14":"purchasable","15":"product-type-simple"},"_links":{"self":[{"href":"https:\/\/automatic.ee\/ru\/wp-json\/wp\/v2\/product\/108973","targetHints":{"allow":["GET"]}}],"collection":[{"href":"https:\/\/automatic.ee\/ru\/wp-json\/wp\/v2\/product"}],"about":[{"href":"https:\/\/automatic.ee\/ru\/wp-json\/wp\/v2\/types\/product"}],"replies":[{"embeddable":true,"href":"https:\/\/automatic.ee\/ru\/wp-json\/wp\/v2\/comments?post=108973"}],"wp:featuredmedia":[{"embeddable":true,"href":"https:\/\/automatic.ee\/ru\/wp-json\/wp\/v2\/media\/108970"}],"wp:attachment":[{"href":"https:\/\/automatic.ee\/ru\/wp-json\/wp\/v2\/media?parent=108973"}],"wp:term":[{"taxonomy":"product_brand","embeddable":true,"href":"https:\/\/automatic.ee\/ru\/wp-json\/wp\/v2\/product_brand?post=108973"},{"taxonomy":"product_cat","embeddable":true,"href":"https:\/\/automatic.ee\/ru\/wp-json\/wp\/v2\/product_cat?post=108973"},{"taxonomy":"product_tag","embeddable":true,"href":"https:\/\/automatic.ee\/ru\/wp-json\/wp\/v2\/product_tag?post=108973"}],"curies":[{"name":"wp","href":"https:\/\/api.w.org\/{rel}","templated":true}]}}