{"id":108889,"date":"2025-11-04T04:53:49","date_gmt":"2025-11-04T02:53:49","guid":{"rendered":"https:\/\/automatic.ee\/toode\/lookpadrunvoti-kaitsekraega-1-2-6pt\/"},"modified":"2025-11-04T04:53:49","modified_gmt":"2025-11-04T02:53:49","slug":"lookpadrunvoti-kaitsekraega-1-2-6pt","status":"publish","type":"product","link":"https:\/\/automatic.ee\/ru\/toode\/lookpadrunvoti-kaitsekraega-1-2-6pt\/","title":{"rendered":"L\u00f6\u00f6kpadrunv\u00f5ti kaitsekraega 1\/2&#8243; 6PT"},"content":{"rendered":"<p><img decoding=\"async\" src=\"https:\/\/www.kingtony.com\/products\/icon\/3-f1.jpg\"><\/p>\n<p>Vastupidav plastkrae kaitseb nt. poleeritud velgesid.<\/p>\n<table class=\"ecwid-description-table\">\n<colgroup>\n<col>\n<col>  <\/colgroup>\n<tbody>\n<tr>\n<td><strong>Suurus<\/strong><\/td>\n<td><strong>D1\/mm<\/strong><\/td>\n<td><strong>D2\/mm<\/strong><\/td>\n<td><strong>l\/mm<\/strong><\/td>\n<td><strong>L\/mm<\/strong><\/td>\n<td><strong>Kaal<\/strong><\/td>\n<\/tr>\n<tr>\n<td>17 mm<\/td>\n<td>27,3<\/td>\n<td>30<\/td>\n<td>26<\/td>\n<td>85<\/td>\n<td>213 gr<\/td>\n<\/tr>\n<tr>\n<td>19 mm<\/td>\n<td>29,3<\/td>\n<td>30<\/td>\n<td>26<\/td>\n<td>85<\/td>\n<td>232 gr<\/td>\n<\/tr>\n<tr>\n<td>21 mm<\/td>\n<td>30,9<\/td>\n<td>30<\/td>\n<td>26<\/td>\n<td>85<\/td>\n<td>243 gr<\/td>\n<\/tr>\n<\/tbody>\n<\/table>\n","protected":false},"excerpt":{"rendered":"<p>4945<\/p>\n","protected":false},"featured_media":108886,"comment_status":"open","ping_status":"closed","template":"","meta":{"colormag_page_container_layout":"default_layout","colormag_page_sidebar_layout":"default_layout"},"product_brand":[],"product_cat":[145,116,170,142],"product_tag":[],"class_list":{"0":"post-108889","1":"product","2":"type-product","3":"status-publish","4":"has-post-thumbnail","6":"product_cat-1-2-tooriistad-komplektid","7":"product_cat-kasitooriist","8":"product_cat-padrunvotmed","9":"product_cat-tooriistad","11":"first","12":"instock","13":"shipping-taxable","14":"purchasable","15":"product-type-simple"},"_links":{"self":[{"href":"https:\/\/automatic.ee\/ru\/wp-json\/wp\/v2\/product\/108889","targetHints":{"allow":["GET"]}}],"collection":[{"href":"https:\/\/automatic.ee\/ru\/wp-json\/wp\/v2\/product"}],"about":[{"href":"https:\/\/automatic.ee\/ru\/wp-json\/wp\/v2\/types\/product"}],"replies":[{"embeddable":true,"href":"https:\/\/automatic.ee\/ru\/wp-json\/wp\/v2\/comments?post=108889"}],"wp:featuredmedia":[{"embeddable":true,"href":"https:\/\/automatic.ee\/ru\/wp-json\/wp\/v2\/media\/108886"}],"wp:attachment":[{"href":"https:\/\/automatic.ee\/ru\/wp-json\/wp\/v2\/media?parent=108889"}],"wp:term":[{"taxonomy":"product_brand","embeddable":true,"href":"https:\/\/automatic.ee\/ru\/wp-json\/wp\/v2\/product_brand?post=108889"},{"taxonomy":"product_cat","embeddable":true,"href":"https:\/\/automatic.ee\/ru\/wp-json\/wp\/v2\/product_cat?post=108889"},{"taxonomy":"product_tag","embeddable":true,"href":"https:\/\/automatic.ee\/ru\/wp-json\/wp\/v2\/product_tag?post=108889"}],"curies":[{"name":"wp","href":"https:\/\/api.w.org\/{rel}","templated":true}]}}