{"id":108849,"date":"2025-11-04T04:53:04","date_gmt":"2025-11-04T02:53:04","guid":{"rendered":"https:\/\/automatic.ee\/toode\/stangekaitseliist-ford-focus-ii-2008-2010\/"},"modified":"2025-11-04T04:53:04","modified_gmt":"2025-11-04T02:53:04","slug":"stangekaitseliist-ford-focus-ii-2008-2010","status":"publish","type":"product","link":"https:\/\/automatic.ee\/ru\/toode\/stangekaitseliist-ford-focus-ii-2008-2010\/","title":{"rendered":"STANGEKAITSELIIST  FORD Focus II  2008-2010"},"content":{"rendered":"<p>Gofreeritud matt roostevabast terasest paindega plaat. Voodri painutus on 10 mm, mis v\u00f5imaldab usaldusv\u00e4\u00e4rselt kaitsta tagumise kaitseraua nurka kahjustuste eest. Voodri nurgad on \u00fcmarad ja raadius j\u00e4rgib selgelt teie auto tagumise kaitseraua raadiust. See on kinnitatud kleeplindile, mis on juba padjanditel. Soovitatav temperatuur paigaldatuna on 4 kuni 45 kraadi. Paigaldusjuhised on pakendil.<\/p>\n","protected":false},"excerpt":{"rendered":"<p>50-3477<\/p>\n","protected":false},"featured_media":108846,"comment_status":"open","ping_status":"closed","template":"","meta":{"colormag_page_container_layout":"default_layout","colormag_page_sidebar_layout":"default_layout"},"product_brand":[],"product_cat":[163,136],"product_tag":[],"class_list":{"0":"post-108849","1":"product","2":"type-product","3":"status-publish","4":"has-post-thumbnail","6":"product_cat-liist-tuning","7":"product_cat-lisavarustus","9":"first","10":"instock","11":"shipping-taxable","12":"purchasable","13":"product-type-simple"},"_links":{"self":[{"href":"https:\/\/automatic.ee\/ru\/wp-json\/wp\/v2\/product\/108849","targetHints":{"allow":["GET"]}}],"collection":[{"href":"https:\/\/automatic.ee\/ru\/wp-json\/wp\/v2\/product"}],"about":[{"href":"https:\/\/automatic.ee\/ru\/wp-json\/wp\/v2\/types\/product"}],"replies":[{"embeddable":true,"href":"https:\/\/automatic.ee\/ru\/wp-json\/wp\/v2\/comments?post=108849"}],"wp:featuredmedia":[{"embeddable":true,"href":"https:\/\/automatic.ee\/ru\/wp-json\/wp\/v2\/media\/108846"}],"wp:attachment":[{"href":"https:\/\/automatic.ee\/ru\/wp-json\/wp\/v2\/media?parent=108849"}],"wp:term":[{"taxonomy":"product_brand","embeddable":true,"href":"https:\/\/automatic.ee\/ru\/wp-json\/wp\/v2\/product_brand?post=108849"},{"taxonomy":"product_cat","embeddable":true,"href":"https:\/\/automatic.ee\/ru\/wp-json\/wp\/v2\/product_cat?post=108849"},{"taxonomy":"product_tag","embeddable":true,"href":"https:\/\/automatic.ee\/ru\/wp-json\/wp\/v2\/product_tag?post=108849"}],"curies":[{"name":"wp","href":"https:\/\/api.w.org\/{rel}","templated":true}]}}