{"id":108797,"date":"2025-11-04T04:52:03","date_gmt":"2025-11-04T02:52:03","guid":{"rendered":"https:\/\/automatic.ee\/toode\/kutuselisand-bensiin-oktaaniarvu-tostja-250ml\/"},"modified":"2025-11-04T04:52:03","modified_gmt":"2025-11-04T02:52:03","slug":"kutuselisand-bensiin-oktaaniarvu-tostja-250ml","status":"publish","type":"product","link":"https:\/\/automatic.ee\/ru\/toode\/kutuselisand-bensiin-oktaaniarvu-tostja-250ml\/","title":{"rendered":"K\u00dcTUSELISAND (BENSIIN) OKTAANIARVU T\u00d5STJA 250ML"},"content":{"rendered":"<p>SONAX K\u00fctuselisand (bensiin), oktaanarvu t\u00f5stja, 250ml<\/p>\n<ul>\n<li>Sonax Octane Power oktaanarvu t\u00f5stja t\u00f5stab mootorik\u00fctuse (pliivaba v\u00f5i pliid sisaldav) oktaanarvu 2-3 \u00fchiku v\u00f5rra.<\/li>\n<li>V\u00e4hendab k\u00fctusekulu.<\/li>\n<li>Ei vigasta katal\u00fcsaatorit, lamda andurit ega plast- v\u00f5i muid elastseid osi.<\/li>\n<li>Kaitseb kloppimise tagaj\u00e4rjel tekkivate vigastuste eest.<\/li>\n<li>Valada purgi sisu enne tankimist k\u00fctusepaaki.<\/li>\n<\/ul>\n","protected":false},"excerpt":{"rendered":"<p>514-100 SONAX<\/p>\n","protected":false},"featured_media":108794,"comment_status":"open","ping_status":"closed","template":"","meta":{"colormag_page_container_layout":"default_layout","colormag_page_sidebar_layout":"default_layout"},"product_brand":[],"product_cat":[108],"product_tag":[],"class_list":{"0":"post-108797","1":"product","2":"type-product","3":"status-publish","4":"has-post-thumbnail","6":"product_cat-misc","8":"first","9":"instock","10":"shipping-taxable","11":"purchasable","12":"product-type-simple"},"_links":{"self":[{"href":"https:\/\/automatic.ee\/ru\/wp-json\/wp\/v2\/product\/108797","targetHints":{"allow":["GET"]}}],"collection":[{"href":"https:\/\/automatic.ee\/ru\/wp-json\/wp\/v2\/product"}],"about":[{"href":"https:\/\/automatic.ee\/ru\/wp-json\/wp\/v2\/types\/product"}],"replies":[{"embeddable":true,"href":"https:\/\/automatic.ee\/ru\/wp-json\/wp\/v2\/comments?post=108797"}],"wp:featuredmedia":[{"embeddable":true,"href":"https:\/\/automatic.ee\/ru\/wp-json\/wp\/v2\/media\/108794"}],"wp:attachment":[{"href":"https:\/\/automatic.ee\/ru\/wp-json\/wp\/v2\/media?parent=108797"}],"wp:term":[{"taxonomy":"product_brand","embeddable":true,"href":"https:\/\/automatic.ee\/ru\/wp-json\/wp\/v2\/product_brand?post=108797"},{"taxonomy":"product_cat","embeddable":true,"href":"https:\/\/automatic.ee\/ru\/wp-json\/wp\/v2\/product_cat?post=108797"},{"taxonomy":"product_tag","embeddable":true,"href":"https:\/\/automatic.ee\/ru\/wp-json\/wp\/v2\/product_tag?post=108797"}],"curies":[{"name":"wp","href":"https:\/\/api.w.org\/{rel}","templated":true}]}}