{"id":108505,"date":"2025-11-04T04:46:53","date_gmt":"2025-11-04T02:46:53","guid":{"rendered":"https:\/\/automatic.ee\/toode\/salongi-puhastusvahend-500ml\/"},"modified":"2025-11-04T04:46:53","modified_gmt":"2025-11-04T02:46:53","slug":"salongi-puhastusvahend-500ml","status":"publish","type":"product","link":"https:\/\/automatic.ee\/ru\/toode\/salongi-puhastusvahend-500ml\/","title":{"rendered":"SALONGI PUHASTUSVAHEND 500ml"},"content":{"rendered":"<p>Auto Finesse Total on kasutusvalmis salongide universaalne puhastusvahend, mida on ohutu kasutada k\u00f5ikidel auto sisepindadel. Olenemata sellest, kas puhastate plastikut, vin\u00fc\u00fclkummi, kangast v\u00f5i vaipa, ei valmista Total&#8217;i keerukad v\u00e4hevahutavad pindaktiivsed ained pettumust. Alates kaasaegsest pehme puudutusega plastikust, halvasti m\u00e4\u00e4rdunud vaipade v\u00f5i isegi hooletusse j\u00e4etud vintage-vin\u00fc\u00fclini saab Total oma \u00fclesannetega suurp\u00e4raselt hakkama. <\/p>\n<p>Auto Finesse Total \u00f5rn olemus sobib h\u00e4sti tundlikeks puhastust\u00f6\u00f6deks, kuid on v\u00f5imeline lahendama ka mitmesuguseid tugevaid orgaanilisi ja anorgaanilisi plekke. See v\u00f5ib eemaldada \u00f5li, rasv, toit, kohv, hallitus, rohi, muda, p\u00e4ikesekaitsekreemi ja silikoonip\u00f5hised aineid<\/p>\n<p>Kasutamine: vin\u00fc\u00fcl, plast ja kumm: kerge m\u00e4\u00e4rdumise korral pihustage Total otse \u00fcldotstarbelisele mikrokiudr\u00e4tikule ja p\u00fchkige pinnale. Vahetage kuivale \u00fcldotstarbelisele mikrokiudr\u00e4tikule ja puhastage k\u00f5ik j\u00e4\u00e4gid, paljastades t\u00e4iesti puhta viimistluse. Tugevama m\u00e4\u00e4rdumise korral pihustage Total otse puhastatavale pinnale, laske hetkeks seista ja loksutage pehme, l\u00fchikese harjastega harjaga. Seej\u00e4rel saate \u00fclej\u00e4\u00e4nud toote ja mustuse imamiseks kasutada \u00fcldotstarbelist mikrokiudr\u00e4tikut. Sisemise puhastusprotsessi k\u00e4igus keerake oma mikrokiust r\u00e4tikud regulaarselt kokku ja vahetage regulaarselt. <\/p>\n<p>T\u00e4ppide eemaldamine tekstiililt: plekide ja lekete kiireks eemaldamiseks kangast ja vaipkattega pindadelt pihustage Total otse kohale, kuni see on k\u00fcllastunud, ja laske 1-2 minutit seista. Vajadusel t\u00f6\u00f6delge toode pinda pehme, l\u00fchikese harjastega pintsliga, mis aitab plekki lagundada. Kui see on t\u00f5stetud, v\u00f5ite pinna kuivada \u00fcldotstarbelise mikrokiudr\u00e4tikuga, et \u00fclej\u00e4\u00e4nud toode imeda. Kui plekk j\u00e4\u00e4b, korrake protseduuri. <\/p>\n<p>Tekstiil\u0161ampoon: Kanga ja vaipade s\u00fcgavpuhastamiseks alustage materjali kuivtolmuimejaga, et eemaldada lahtine mustus. Pihustage Totalit otse pinnale, kuni pind on tootega niiske. Laske tootel 1-2 minutit seista. Niisutage pehmet l\u00fchikeste harjastega pintslit vee\u00e4mbris ja loksutage seda piirkonda. Seej\u00e4rel saate materjali puhta veega loputada ja liigse toote eemaldamiseks kasutada m\u00e4rja\/kuiva vaakumit v\u00f5i vaipade v\u00e4ljat\u00f5mbajat. Korrake protseduuri, kuni ekstraheeritud loputusvesi j\u00e4\u00e4b selge.<\/p>\n","protected":false},"excerpt":{"rendered":"<p>628586983953 Auto Finesse<\/p>\n","protected":false},"featured_media":108502,"comment_status":"open","ping_status":"closed","template":"","meta":{"colormag_page_container_layout":"default_layout","colormag_page_sidebar_layout":"default_layout"},"product_brand":[],"product_cat":[108],"product_tag":[],"class_list":{"0":"post-108505","1":"product","2":"type-product","3":"status-publish","4":"has-post-thumbnail","6":"product_cat-misc","8":"first","9":"instock","10":"shipping-taxable","11":"purchasable","12":"product-type-simple"},"_links":{"self":[{"href":"https:\/\/automatic.ee\/ru\/wp-json\/wp\/v2\/product\/108505","targetHints":{"allow":["GET"]}}],"collection":[{"href":"https:\/\/automatic.ee\/ru\/wp-json\/wp\/v2\/product"}],"about":[{"href":"https:\/\/automatic.ee\/ru\/wp-json\/wp\/v2\/types\/product"}],"replies":[{"embeddable":true,"href":"https:\/\/automatic.ee\/ru\/wp-json\/wp\/v2\/comments?post=108505"}],"wp:featuredmedia":[{"embeddable":true,"href":"https:\/\/automatic.ee\/ru\/wp-json\/wp\/v2\/media\/108502"}],"wp:attachment":[{"href":"https:\/\/automatic.ee\/ru\/wp-json\/wp\/v2\/media?parent=108505"}],"wp:term":[{"taxonomy":"product_brand","embeddable":true,"href":"https:\/\/automatic.ee\/ru\/wp-json\/wp\/v2\/product_brand?post=108505"},{"taxonomy":"product_cat","embeddable":true,"href":"https:\/\/automatic.ee\/ru\/wp-json\/wp\/v2\/product_cat?post=108505"},{"taxonomy":"product_tag","embeddable":true,"href":"https:\/\/automatic.ee\/ru\/wp-json\/wp\/v2\/product_tag?post=108505"}],"curies":[{"name":"wp","href":"https:\/\/api.w.org\/{rel}","templated":true}]}}