{"id":108429,"date":"2025-11-04T04:45:30","date_gmt":"2025-11-04T02:45:30","guid":{"rendered":"https:\/\/automatic.ee\/toode\/esitule-pirn-led-h15-6500k-osram\/"},"modified":"2025-11-04T04:45:30","modified_gmt":"2025-11-04T02:45:30","slug":"esitule-pirn-led-h15-6500k-osram","status":"publish","type":"product","link":"https:\/\/automatic.ee\/ru\/toode\/esitule-pirn-led-h15-6500k-osram\/","title":{"rendered":"ESITULE PIRN LED H15 6500K OSRAM"},"content":{"rendered":"<h4>12v h15 led pirn 16\/3w 1250\/250lm pgj23t-1 osram 2tk<\/h4>\n<p>OSRAM viimasel LED-tehnoloogial p\u00f5hinevad pirnid. HL EASY seeria pirnid on ultrakompaktsed. Puuduvad lisaplokid. Jahutuss\u00fcsteem on pirni enda korpuses. seet\u00f5ttu saab pirne kasutada pea igas tules. milles kasutusel tavalised pirnid. Pirnid ei oma ECE markeeringut ja on m\u00f5eldud off-road kasutamiseks. <\/p>\n<p>Tehniline info:<\/p>\n<ul>\n<li>\u00dclikompaktne LED asendus tavalistele kaug- ja l\u00e4hitulede halogeenpirnidele H15<\/li>\n<li>Optimeeritud kiire ventilaator tagab aktiivse jahutuse<\/li>\n<li>jahe valge v\u00e4rvitemperatuur 6000K<\/li>\n<li>Premium OSRAM kvaliteet<\/li>\n<li>Lihtne plug &amp; play paigaldus<\/li>\n<li>\u201cpadrun Design\u201d<\/li>\n<\/ul>\n<p>Tooteteave<\/p>\n<p>Tellimuse viide 64176DWESY<\/p>\n<p>Toote t\u00fc\u00fcp (maastik vs. maantee) Maastikul \u2259 H15<\/p>\n<p>Kasutusala (kategooria- ja tootep\u00f5hine) Kasutatakse peamiselt l\u00e4hi-, kaug- ja p\u00e4evatulede jaoks<\/p>\n<p>s\u00f5idutuled, asendivalgustuse rakendused<\/p>\n<p>Elektrilised andmed<\/p>\n<p>Sisendv\u00f5imsus 16,5 \/ 3,8 W<\/p>\n<p>Nimipinge 12,0 V<\/p>\n<p>Nimiv\u00f5imsus 3\/16 W<\/p>\n<p>Testpinge 13,2 V<\/p>\n<p>Toite sisendi tolerants \u00b125 %<\/p>\n<p>Fotomeetrilised andmed<\/p>\n<p>Valgusvoog 1250lm \/250 lm<\/p>\n<p>Valgusvoo tolerants \u00b125 %<\/p>\n<p>V\u00e4rvitemperatuur 6500 K<\/p>\n<p>Valguse v\u00e4rvus LED jahe valge<\/p>\n<p>M\u00f5\u00f5dud &amp; kaal<\/p>\n<p>Pikkus 73,0 mm<\/p>\n<p>L\u00e4bim\u00f5\u00f5t 15,8 mm<\/p>\n<p>Toote kaal 45,00 g<\/p>\n<p>Eluaeg<\/p>\n<p>Eluiga Tc 1000 h<\/p>\n<p>Toote lisaandmed<\/p>\n<p>Sokkel (standardt\u00e4his) PGJ23t-1<\/p>\n<p>V\u00f5imalused<\/p>\n<p>Tehnoloogia LED<\/p>\n<div>\n<div>\n<div><\/div>\n<\/div>\n<\/div>\n","protected":false},"excerpt":{"rendered":"<p>64176DWESY-HCB<\/p>\n","protected":false},"featured_media":108426,"comment_status":"open","ping_status":"closed","template":"","meta":{"colormag_page_container_layout":"default_layout","colormag_page_sidebar_layout":"default_layout"},"product_brand":[],"product_cat":[146],"product_tag":[],"class_list":{"0":"post-108429","1":"product","2":"type-product","3":"status-publish","4":"has-post-thumbnail","6":"product_cat-led-pirnid-pirnid-xenon","8":"first","9":"instock","10":"shipping-taxable","11":"purchasable","12":"product-type-simple"},"_links":{"self":[{"href":"https:\/\/automatic.ee\/ru\/wp-json\/wp\/v2\/product\/108429","targetHints":{"allow":["GET"]}}],"collection":[{"href":"https:\/\/automatic.ee\/ru\/wp-json\/wp\/v2\/product"}],"about":[{"href":"https:\/\/automatic.ee\/ru\/wp-json\/wp\/v2\/types\/product"}],"replies":[{"embeddable":true,"href":"https:\/\/automatic.ee\/ru\/wp-json\/wp\/v2\/comments?post=108429"}],"wp:featuredmedia":[{"embeddable":true,"href":"https:\/\/automatic.ee\/ru\/wp-json\/wp\/v2\/media\/108426"}],"wp:attachment":[{"href":"https:\/\/automatic.ee\/ru\/wp-json\/wp\/v2\/media?parent=108429"}],"wp:term":[{"taxonomy":"product_brand","embeddable":true,"href":"https:\/\/automatic.ee\/ru\/wp-json\/wp\/v2\/product_brand?post=108429"},{"taxonomy":"product_cat","embeddable":true,"href":"https:\/\/automatic.ee\/ru\/wp-json\/wp\/v2\/product_cat?post=108429"},{"taxonomy":"product_tag","embeddable":true,"href":"https:\/\/automatic.ee\/ru\/wp-json\/wp\/v2\/product_tag?post=108429"}],"curies":[{"name":"wp","href":"https:\/\/api.w.org\/{rel}","templated":true}]}}