{"id":108393,"date":"2025-11-04T04:44:54","date_gmt":"2025-11-04T02:44:54","guid":{"rendered":"https:\/\/automatic.ee\/toode\/h7-h18-osram\/"},"modified":"2025-11-04T04:44:54","modified_gmt":"2025-11-04T02:44:54","slug":"h7-h18-osram","status":"publish","type":"product","link":"https:\/\/automatic.ee\/ru\/toode\/h7-h18-osram\/","title":{"rendered":"H7\/H18 OSRAM"},"content":{"rendered":"<h4>LED pirn (komplekt 2tk) H18\/H7 12V 18W PX26D\/PY26D-1 Sertifikaat puudub, LEDriving HL VINTAGE, warm white 2700K<\/h4>\n<p>Toote andmed<\/p>\n<p>Toote t\u00fc\u00fcp (maastikul vs. maanteel)Maastikul \u2259 H7\/H18<\/p>\n<p>Kasutatakse peamiselt l\u00e4hi-, kaug- ja udutulede rakendustes<\/p>\n<p>Globaalne tellimuse viide 64210DWVNT<\/p>\n<p>Toite sisend 18 W<\/p>\n<p>Nimipinge 12,0 V<\/p>\n<p>Nominaalne v\u00f5imsus 19 W<\/p>\n<p>Toitesisendi tolerants \u00b120 %<\/p>\n<p>Katsepinge 13,2 V<\/p>\n<p>Nominaalne valgusvoog 1600 lm<\/p>\n<p>Valgusvoo taluvus \u00b120 %<\/p>\n<p>v\u00e4rvi LED Soe valge<\/p>\n<p>V\u00e4rvitemperatuur 2700 K<\/p>\n<p>Pikkus 76,2 mm<\/p>\n<p>L\u00e4bim\u00f5\u00f5t 14,0 mm<\/p>\n<p>Toote kaal 60,00 g<\/p>\n<p>Lambi alus PX26d<\/p>\n<p>Eluiga Tc 5000 h<\/p>\n<p>Tehnoloogia LED<\/p>\n<p><\/p>\n","protected":false},"excerpt":{"rendered":"<p>64210DWVNT-2MB<\/p>\n","protected":false},"featured_media":108390,"comment_status":"open","ping_status":"closed","template":"","meta":{"colormag_page_container_layout":"default_layout","colormag_page_sidebar_layout":"default_layout"},"product_brand":[],"product_cat":[146],"product_tag":[],"class_list":{"0":"post-108393","1":"product","2":"type-product","3":"status-publish","4":"has-post-thumbnail","6":"product_cat-led-pirnid-pirnid-xenon","8":"first","9":"instock","10":"shipping-taxable","11":"purchasable","12":"product-type-simple"},"_links":{"self":[{"href":"https:\/\/automatic.ee\/ru\/wp-json\/wp\/v2\/product\/108393","targetHints":{"allow":["GET"]}}],"collection":[{"href":"https:\/\/automatic.ee\/ru\/wp-json\/wp\/v2\/product"}],"about":[{"href":"https:\/\/automatic.ee\/ru\/wp-json\/wp\/v2\/types\/product"}],"replies":[{"embeddable":true,"href":"https:\/\/automatic.ee\/ru\/wp-json\/wp\/v2\/comments?post=108393"}],"wp:featuredmedia":[{"embeddable":true,"href":"https:\/\/automatic.ee\/ru\/wp-json\/wp\/v2\/media\/108390"}],"wp:attachment":[{"href":"https:\/\/automatic.ee\/ru\/wp-json\/wp\/v2\/media?parent=108393"}],"wp:term":[{"taxonomy":"product_brand","embeddable":true,"href":"https:\/\/automatic.ee\/ru\/wp-json\/wp\/v2\/product_brand?post=108393"},{"taxonomy":"product_cat","embeddable":true,"href":"https:\/\/automatic.ee\/ru\/wp-json\/wp\/v2\/product_cat?post=108393"},{"taxonomy":"product_tag","embeddable":true,"href":"https:\/\/automatic.ee\/ru\/wp-json\/wp\/v2\/product_tag?post=108393"}],"curies":[{"name":"wp","href":"https:\/\/api.w.org\/{rel}","templated":true}]}}