{"id":108389,"date":"2025-11-04T04:44:50","date_gmt":"2025-11-04T02:44:50","guid":{"rendered":"https:\/\/automatic.ee\/toode\/ledriving-xtreame-h7-osram\/"},"modified":"2025-11-04T04:44:50","modified_gmt":"2025-11-04T02:44:50","slug":"ledriving-xtreame-h7-osram","status":"publish","type":"product","link":"https:\/\/automatic.ee\/ru\/toode\/ledriving-xtreame-h7-osram\/","title":{"rendered":"LEDRIVING XTREAME H7 OSRAM"},"content":{"rendered":"<h4>H7 LEDriving XTR 12V PX26d 2tk<\/h4>\n<p>V\u00e4rvitemperatuuriga 6000 K ja v\u00e4ga kompaktse disainiga OSRAM LEDriving XTR lambid pakuvad lihtsat plug ja play lahendust, et uuendada tavalised auto esilaternad LED-valgusega, mis annavad teie s\u00f5idukile stiilse ja kaasaegse v\u00e4limuse. T\u00e4nu tipptasemel tehnoloogiale ja intelligentsele tootedisainile on need lambid ideaalne kaaslane, et n\u00e4ha kaugemale ja m\u00e4rgata takistusi kiiremini. Osram pakub 3 aastast garantiid.<\/p>\n<ul>\n<li>Valguse temperatuur 6000 K<\/li>\n<li>Suurep\u00e4rane heledus<\/li>\n<li>LED tehnoloogia<\/li>\n<li>Kompaktne H7 pirni asendus l\u00e4hi- ja kaugtules<\/li>\n<li>Eluiga kuni 2000 tundi<\/li>\n<li>Osrami garantii 3 aastat<\/li>\n<\/ul>\n<p><strong>Ei vasta ECE n\u00f5uetele, m\u00f5eldud ainult off-road masinatele!<\/strong><\/p>\n<p>Tooteteave<br \/>Tellimuse viide 64210DWXTR<br \/>Toote t\u00fc\u00fcp (maastik vs. maantee) Maastikul \u2259 H7<br \/>Rakendus (kategooria ja tootep\u00f5hine) Kasutatakse peamiselt esitulede jaoks<br \/>Elektrilised andmed<br \/>Sisendv\u00f5imsus 18 W<br \/>Nimipinge 12,0 V<br \/>Nimiv\u00f5imsus 18,00 W<br \/>Testpinge 13,2 V<br \/>Toite sisendi tolerants \u00b120 %<br \/>Fotomeetrilised andmed<br \/>Valgusvoog 1750lm<br \/>Valgusvoo tolerants \u00b120 %<br \/>V\u00e4rvitemperatuur 6000 K<br \/>Valguse v\u00e4rvus LED jahe valge<br \/>M\u00f5\u00f5dud &amp; kaal<br \/>Pikkus 73,0 mm<br \/>L\u00e4bim\u00f5\u00f5t 14,0 mm<br \/>Toote kaal 80,00 g<br \/>Eluaeg<br \/>Eluiga B3 750 h<br \/>Eluiga Tc 2000 h<\/p>\n","protected":false},"excerpt":{"rendered":"<p>64210DWXTR<\/p>\n","protected":false},"featured_media":108386,"comment_status":"open","ping_status":"closed","template":"","meta":{"colormag_page_container_layout":"default_layout","colormag_page_sidebar_layout":"default_layout"},"product_brand":[],"product_cat":[146],"product_tag":[],"class_list":{"0":"post-108389","1":"product","2":"type-product","3":"status-publish","4":"has-post-thumbnail","6":"product_cat-led-pirnid-pirnid-xenon","8":"first","9":"instock","10":"shipping-taxable","11":"purchasable","12":"product-type-simple"},"_links":{"self":[{"href":"https:\/\/automatic.ee\/ru\/wp-json\/wp\/v2\/product\/108389","targetHints":{"allow":["GET"]}}],"collection":[{"href":"https:\/\/automatic.ee\/ru\/wp-json\/wp\/v2\/product"}],"about":[{"href":"https:\/\/automatic.ee\/ru\/wp-json\/wp\/v2\/types\/product"}],"replies":[{"embeddable":true,"href":"https:\/\/automatic.ee\/ru\/wp-json\/wp\/v2\/comments?post=108389"}],"wp:featuredmedia":[{"embeddable":true,"href":"https:\/\/automatic.ee\/ru\/wp-json\/wp\/v2\/media\/108386"}],"wp:attachment":[{"href":"https:\/\/automatic.ee\/ru\/wp-json\/wp\/v2\/media?parent=108389"}],"wp:term":[{"taxonomy":"product_brand","embeddable":true,"href":"https:\/\/automatic.ee\/ru\/wp-json\/wp\/v2\/product_brand?post=108389"},{"taxonomy":"product_cat","embeddable":true,"href":"https:\/\/automatic.ee\/ru\/wp-json\/wp\/v2\/product_cat?post=108389"},{"taxonomy":"product_tag","embeddable":true,"href":"https:\/\/automatic.ee\/ru\/wp-json\/wp\/v2\/product_tag?post=108389"}],"curies":[{"name":"wp","href":"https:\/\/api.w.org\/{rel}","templated":true}]}}