{"id":108293,"date":"2025-11-04T04:43:20","date_gmt":"2025-11-04T02:43:20","guid":{"rendered":"https:\/\/automatic.ee\/toode\/d3s-35w-12v-pk32d-5-cool-blue-intense-xenarc-osram\/"},"modified":"2025-11-04T04:43:20","modified_gmt":"2025-11-04T02:43:20","slug":"d3s-35w-12v-pk32d-5-cool-blue-intense-xenarc-osram","status":"publish","type":"product","link":"https:\/\/automatic.ee\/ru\/toode\/d3s-35w-12v-pk32d-5-cool-blue-intense-xenarc-osram\/","title":{"rendered":"D3S 35W 12V PK32d-5 COOL BLUE INTENSE XENARC OSRAM"},"content":{"rendered":"<h4><\/h4>\n<h4>pirn (pakend 1tk.) D3S 42V 35W PK32D-5 Cool Blue Intense Next Gen 6200K<\/h4>\n<p><strong>Eriti valge valgus kuni 6200K ja 150% suurema heledusega!<\/strong><\/p>\n<p>XENARC COOL BLUE INTENSE NEXT GEN \u2013 avastage see kaasaegse v\u00e4limusega suure v\u00f5imsusega pirn! LED-ilme jaoks m\u00f5eldud ekstravalge valgus ja suur kontrastsus. K\u00f5rgtehnoloogiline ksenoonvalgusti, mille v\u00e4rvitemperatuur on kuni 6200 kelvinit, pakub \u00fclit\u00f5husat tehnoloogiat, s\u00e4ravat efekti ja kompromissitut disaini. T\u00e4nu spetsiaalsele t\u00e4ites\u00fcsteemile, mida kasutatakse tavap\u00e4rase katte asemel, kiirgab lamp ekstra valget valgust. See stiilne valgusti loob efekti, mis aitab teil olla teistele autojuhtidele paremini n\u00e4htav. XENARC COOL BLUE INTENSE NEXT GEN abil muutub \u00f6\u00f6 p\u00e4evaks.<\/p>\n<p>Luumenid: 3200lm<\/p>\n<p><\/p>\n","protected":false},"excerpt":{"rendered":"<p>66340CBN<\/p>\n","protected":false},"featured_media":108290,"comment_status":"open","ping_status":"closed","template":"","meta":{"colormag_page_container_layout":"default_layout","colormag_page_sidebar_layout":"default_layout"},"product_brand":[],"product_cat":[146],"product_tag":[],"class_list":{"0":"post-108293","1":"product","2":"type-product","3":"status-publish","4":"has-post-thumbnail","6":"product_cat-led-pirnid-pirnid-xenon","8":"first","9":"instock","10":"shipping-taxable","11":"purchasable","12":"product-type-simple"},"_links":{"self":[{"href":"https:\/\/automatic.ee\/ru\/wp-json\/wp\/v2\/product\/108293","targetHints":{"allow":["GET"]}}],"collection":[{"href":"https:\/\/automatic.ee\/ru\/wp-json\/wp\/v2\/product"}],"about":[{"href":"https:\/\/automatic.ee\/ru\/wp-json\/wp\/v2\/types\/product"}],"replies":[{"embeddable":true,"href":"https:\/\/automatic.ee\/ru\/wp-json\/wp\/v2\/comments?post=108293"}],"wp:featuredmedia":[{"embeddable":true,"href":"https:\/\/automatic.ee\/ru\/wp-json\/wp\/v2\/media\/108290"}],"wp:attachment":[{"href":"https:\/\/automatic.ee\/ru\/wp-json\/wp\/v2\/media?parent=108293"}],"wp:term":[{"taxonomy":"product_brand","embeddable":true,"href":"https:\/\/automatic.ee\/ru\/wp-json\/wp\/v2\/product_brand?post=108293"},{"taxonomy":"product_cat","embeddable":true,"href":"https:\/\/automatic.ee\/ru\/wp-json\/wp\/v2\/product_cat?post=108293"},{"taxonomy":"product_tag","embeddable":true,"href":"https:\/\/automatic.ee\/ru\/wp-json\/wp\/v2\/product_tag?post=108293"}],"curies":[{"name":"wp","href":"https:\/\/api.w.org\/{rel}","templated":true}]}}