{"id":108285,"date":"2025-11-04T04:43:11","date_gmt":"2025-11-04T02:43:11","guid":{"rendered":"https:\/\/automatic.ee\/toode\/d8s-25w-pk32d-1-original-osram\/"},"modified":"2025-11-04T04:43:11","modified_gmt":"2025-11-04T02:43:11","slug":"d8s-25w-pk32d-1-original-osram","status":"publish","type":"product","link":"https:\/\/automatic.ee\/ru\/toode\/d8s-25w-pk32d-1-original-osram\/","title":{"rendered":"D8S 25W PK32D-1 ORIGINAL OSRAM"},"content":{"rendered":"<h4>H\u00f5\u00f5gpirn, Kaugtuli XENARC\u00ae ORIGINAL D8S 42V 25W 66548<\/h4>\n<table class=\"attr_param_desc ecwid-description-table\">\n<tbody>\n<tr>\n<td>Lambit\u00fc\u00fcp<\/td>\n<td>D8S<\/td>\n<\/tr>\n<tr>\n<td>Pinge<\/td>\n<td>42V<\/td>\n<\/tr>\n<tr>\n<td>Nimiv\u00f5imsus<\/td>\n<td>25W<\/td>\n<\/tr>\n<tr>\n<td>Sokli t\u00fc\u00fcp, h\u00f5\u00f5glamp<\/td>\n<td>PK32d-1<\/td>\n<\/tr>\n<tr>\n<td>Konteineri t\u00fc\u00fcp<\/td>\n<td>Sahtel<\/td>\n<\/tr>\n<\/tbody>\n<\/table>\n","protected":false},"excerpt":{"rendered":"<p>66548<\/p>\n","protected":false},"featured_media":108282,"comment_status":"open","ping_status":"closed","template":"","meta":{"colormag_page_container_layout":"default_layout","colormag_page_sidebar_layout":"default_layout"},"product_brand":[],"product_cat":[146],"product_tag":[],"class_list":{"0":"post-108285","1":"product","2":"type-product","3":"status-publish","4":"has-post-thumbnail","6":"product_cat-led-pirnid-pirnid-xenon","8":"first","9":"instock","10":"shipping-taxable","11":"purchasable","12":"product-type-simple"},"_links":{"self":[{"href":"https:\/\/automatic.ee\/ru\/wp-json\/wp\/v2\/product\/108285","targetHints":{"allow":["GET"]}}],"collection":[{"href":"https:\/\/automatic.ee\/ru\/wp-json\/wp\/v2\/product"}],"about":[{"href":"https:\/\/automatic.ee\/ru\/wp-json\/wp\/v2\/types\/product"}],"replies":[{"embeddable":true,"href":"https:\/\/automatic.ee\/ru\/wp-json\/wp\/v2\/comments?post=108285"}],"wp:featuredmedia":[{"embeddable":true,"href":"https:\/\/automatic.ee\/ru\/wp-json\/wp\/v2\/media\/108282"}],"wp:attachment":[{"href":"https:\/\/automatic.ee\/ru\/wp-json\/wp\/v2\/media?parent=108285"}],"wp:term":[{"taxonomy":"product_brand","embeddable":true,"href":"https:\/\/automatic.ee\/ru\/wp-json\/wp\/v2\/product_brand?post=108285"},{"taxonomy":"product_cat","embeddable":true,"href":"https:\/\/automatic.ee\/ru\/wp-json\/wp\/v2\/product_cat?post=108285"},{"taxonomy":"product_tag","embeddable":true,"href":"https:\/\/automatic.ee\/ru\/wp-json\/wp\/v2\/product_tag?post=108285"}],"curies":[{"name":"wp","href":"https:\/\/api.w.org\/{rel}","templated":true}]}}