{"id":108281,"date":"2025-11-04T04:43:07","date_gmt":"2025-11-04T02:43:07","guid":{"rendered":"https:\/\/automatic.ee\/toode\/d8s-42v-25w-pk32d-1-cool-blue-intense-nextgen-6200k-osram\/"},"modified":"2025-11-04T04:43:07","modified_gmt":"2025-11-04T02:43:07","slug":"d8s-42v-25w-pk32d-1-cool-blue-intense-nextgen-6200k-osram","status":"publish","type":"product","link":"https:\/\/automatic.ee\/ru\/toode\/d8s-42v-25w-pk32d-1-cool-blue-intense-nextgen-6200k-osram\/","title":{"rendered":"D8S 42V 25W PK32D-1 Cool Blue Intense NextGen 6200K OSRAM"},"content":{"rendered":"<h4>pirn XENON D8S 25W COOL BLUE INTENSE Next Gen<\/h4>\n<p><strong>Eriti valge valgus kuni 6200K ja 150% suurema heledusega!<\/strong><\/p>\n<p>XENARC COOL BLUE INTENSE NEXT GEN \u2013 avastage see kaasaegse v\u00e4limusega suure v\u00f5imsusega pirn! LED-ilme jaoks m\u00f5eldud ekstravalge valgus ja suur kontrastsus. K\u00f5rgtehnoloogiline ksenoonvalgusti, mille v\u00e4rvitemperatuur on kuni 6200 kelvinit, pakub \u00fclit\u00f5husat tehnoloogiat, s\u00e4ravat efekti ja kompromissitut disaini. T\u00e4nu spetsiaalsele t\u00e4ites\u00fcsteemile, mida kasutatakse tavap\u00e4rase katte asemel, kiirgab lamp ekstra valget valgust. See stiilne valgusti loob efekti, mis aitab teil olla teistele autojuhtidele paremini n\u00e4htav. XENARC COOL BLUE INTENSE NEXT GEN abil muutub \u00f6\u00f6 p\u00e4evaks.<\/p>\n<p>Luumenid: 2000lm<\/p>\n<p>Tehnilised andmed<\/p>\n<p>Elektrilised andmed<\/p>\n<p>Sisendv\u00f5imsus 25 W<\/p>\n<p>Nimipinge 42,0 V<\/p>\n<p>Nimiv\u00f5imsus 25,00 W<\/p>\n<p>Toite sisendi tolerants \u00b13 %<\/p>\n<p>Testpinge 13,5 V<\/p>\n<p>Fotomeetrilised andmed<\/p>\n<p>Valgusvoog 2000 lm<\/p>\n<p>Valgusvoo tolerants \u00b115 %<\/p>\n<p>V\u00e4rvitemperatuur kuni 6200 K<\/p>\n<p>M\u00f5\u00f5dud &amp; kaal<\/p>\n<p>Pikkus 83,2 mm<\/p>\n<p>L\u00e4bim\u00f5\u00f5t 9 mm<\/p>\n<p>Toote kaal 60,10 g<\/p>\n<p>Eluaeg<\/p>\n<p>Eluiga B3 1800 h<\/p>\n<p>Eluiga Tc 2500 h<\/p>\n<p>Toote lisaandmed<\/p>\n<p>Sokkel (standardt\u00e4his) PK32d-1<\/p>\n<p>V\u00f5imalused<\/p>\n<p>Tehnoloogia HID<\/p>\n<p>Sertifikaadid ja standardid<\/p>\n<p>ECE kategooria D8S 1)<\/p>\n<p>T\u00fc\u00fcbikinnitusm\u00e4rgid \u2013 kinnitus E1<\/p>\n","protected":false},"excerpt":{"rendered":"<p>66548 CBN<\/p>\n","protected":false},"featured_media":108278,"comment_status":"open","ping_status":"closed","template":"","meta":{"colormag_page_container_layout":"default_layout","colormag_page_sidebar_layout":"default_layout"},"product_brand":[],"product_cat":[146],"product_tag":[],"class_list":{"0":"post-108281","1":"product","2":"type-product","3":"status-publish","4":"has-post-thumbnail","6":"product_cat-led-pirnid-pirnid-xenon","8":"first","9":"instock","10":"shipping-taxable","11":"purchasable","12":"product-type-simple"},"_links":{"self":[{"href":"https:\/\/automatic.ee\/ru\/wp-json\/wp\/v2\/product\/108281","targetHints":{"allow":["GET"]}}],"collection":[{"href":"https:\/\/automatic.ee\/ru\/wp-json\/wp\/v2\/product"}],"about":[{"href":"https:\/\/automatic.ee\/ru\/wp-json\/wp\/v2\/types\/product"}],"replies":[{"embeddable":true,"href":"https:\/\/automatic.ee\/ru\/wp-json\/wp\/v2\/comments?post=108281"}],"wp:featuredmedia":[{"embeddable":true,"href":"https:\/\/automatic.ee\/ru\/wp-json\/wp\/v2\/media\/108278"}],"wp:attachment":[{"href":"https:\/\/automatic.ee\/ru\/wp-json\/wp\/v2\/media?parent=108281"}],"wp:term":[{"taxonomy":"product_brand","embeddable":true,"href":"https:\/\/automatic.ee\/ru\/wp-json\/wp\/v2\/product_brand?post=108281"},{"taxonomy":"product_cat","embeddable":true,"href":"https:\/\/automatic.ee\/ru\/wp-json\/wp\/v2\/product_cat?post=108281"},{"taxonomy":"product_tag","embeddable":true,"href":"https:\/\/automatic.ee\/ru\/wp-json\/wp\/v2\/product_tag?post=108281"}],"curies":[{"name":"wp","href":"https:\/\/api.w.org\/{rel}","templated":true}]}}