{"id":108253,"date":"2025-11-04T04:42:38","date_gmt":"2025-11-04T02:42:38","guid":{"rendered":"https:\/\/automatic.ee\/toode\/tangid-kinnitusrongaste-jaoks-euroopa-tuupi\/"},"modified":"2025-11-04T04:42:38","modified_gmt":"2025-11-04T02:42:38","slug":"tangid-kinnitusrongaste-jaoks-euroopa-tuupi","status":"publish","type":"product","link":"https:\/\/automatic.ee\/ru\/toode\/tangid-kinnitusrongaste-jaoks-euroopa-tuupi\/","title":{"rendered":"Tangid kinnitusr\u00f5ngaste jaoks (Euroopa t\u00fc\u00fcpi)"},"content":{"rendered":"","protected":false},"excerpt":{"rendered":"<p>68HS<\/p>\n","protected":false},"featured_media":108250,"comment_status":"open","ping_status":"closed","template":"","meta":{"colormag_page_container_layout":"default_layout","colormag_page_sidebar_layout":"default_layout"},"product_brand":[],"product_cat":[121,142],"product_tag":[],"class_list":{"0":"post-108253","1":"product","2":"type-product","3":"status-publish","4":"has-post-thumbnail","6":"product_cat-tangid","7":"product_cat-tooriistad","9":"first","10":"instock","11":"shipping-taxable","12":"purchasable","13":"product-type-simple"},"_links":{"self":[{"href":"https:\/\/automatic.ee\/ru\/wp-json\/wp\/v2\/product\/108253","targetHints":{"allow":["GET"]}}],"collection":[{"href":"https:\/\/automatic.ee\/ru\/wp-json\/wp\/v2\/product"}],"about":[{"href":"https:\/\/automatic.ee\/ru\/wp-json\/wp\/v2\/types\/product"}],"replies":[{"embeddable":true,"href":"https:\/\/automatic.ee\/ru\/wp-json\/wp\/v2\/comments?post=108253"}],"wp:featuredmedia":[{"embeddable":true,"href":"https:\/\/automatic.ee\/ru\/wp-json\/wp\/v2\/media\/108250"}],"wp:attachment":[{"href":"https:\/\/automatic.ee\/ru\/wp-json\/wp\/v2\/media?parent=108253"}],"wp:term":[{"taxonomy":"product_brand","embeddable":true,"href":"https:\/\/automatic.ee\/ru\/wp-json\/wp\/v2\/product_brand?post=108253"},{"taxonomy":"product_cat","embeddable":true,"href":"https:\/\/automatic.ee\/ru\/wp-json\/wp\/v2\/product_cat?post=108253"},{"taxonomy":"product_tag","embeddable":true,"href":"https:\/\/automatic.ee\/ru\/wp-json\/wp\/v2\/product_tag?post=108253"}],"curies":[{"name":"wp","href":"https:\/\/api.w.org\/{rel}","templated":true}]}}