{"id":108185,"date":"2025-11-04T04:41:26","date_gmt":"2025-11-04T02:41:26","guid":{"rendered":"https:\/\/automatic.ee\/toode\/led-12v-white-6000-k-t19-p15d-osram\/"},"modified":"2025-11-04T04:41:26","modified_gmt":"2025-11-04T02:41:26","slug":"led-12v-white-6000-k-t19-p15d-osram","status":"publish","type":"product","link":"https:\/\/automatic.ee\/ru\/toode\/led-12v-white-6000-k-t19-p15d-osram\/","title":{"rendered":"LED 12V WHITE 6000 K T19\/P15D OSRAM"},"content":{"rendered":"<p>Lambit\u00fc\u00fcp:<\/p>\n<div>\n<div>LED<\/div>\n<\/div>\n<div>\n<div>\n<div><span class=\"\">Pinge [V]:<\/span><\/div>\n<div>12<\/div>\n<\/div>\n<\/div>\n<div>\n<div>\n<div><span class=\"\">Nimiv\u00f5imsus (W):<\/span><\/div>\n<div>5,0 \/ 5,5<\/div>\n<\/div>\n<\/div>\n<div>\n<div>\n<div><span class=\"\">Sokli t\u00fc\u00fcp, h\u00f5\u00f5glamp:<\/span><\/div>\n<div>P15D-25-1<\/div>\n<\/div>\n<\/div>\n<div>\n<div>\n<div><span class=\"\">Pirni t\u00fc\u00fcp:<\/span><\/div>\n<div>H6M<\/div>\n<\/div>\n<\/div>\n<div>\n<div>\n<div><span class=\"\">Rida:<\/span><\/div>\n<div>Ledriving<\/div>\n<\/div>\n<\/div>\n<div>\n<div>\n<div><span class=\"\">Pinge [V]:<\/span><\/div>\n<div>12<\/div>\n<\/div>\n<\/div>\n<div>\n<div>\n<div><span class=\"\">Nimiv\u00f5imsus [W]:<\/span><\/div>\n<div>5,0<\/div>\n<\/div>\n<\/div>\n<div>\n<div>\n<div><span class=\"c-white\">Nimiv\u00f5imsus [W]:<\/span><\/div>\n<div>5,5<\/div>\n<\/div>\n<\/div>\n<div>\n<div>\n<div><span class=\"\">Valgustemperatuur [K]:<\/span><\/div>\n<div>6000<\/div>\n<\/div>\n<\/div>\n<div>\n<div>\n<div><span class=\"\">Sokli t\u00fc\u00fcp:<\/span><\/div>\n<div>P15D-25-1<\/div>\n<\/div>\n<\/div>\n","protected":false},"excerpt":{"rendered":"<p>7335DWP-01B<\/p>\n","protected":false},"featured_media":108182,"comment_status":"open","ping_status":"closed","template":"","meta":{"colormag_page_container_layout":"default_layout","colormag_page_sidebar_layout":"default_layout"},"product_brand":[],"product_cat":[146],"product_tag":[],"class_list":{"0":"post-108185","1":"product","2":"type-product","3":"status-publish","4":"has-post-thumbnail","6":"product_cat-led-pirnid-pirnid-xenon","8":"first","9":"instock","10":"shipping-taxable","11":"purchasable","12":"product-type-simple"},"_links":{"self":[{"href":"https:\/\/automatic.ee\/ru\/wp-json\/wp\/v2\/product\/108185","targetHints":{"allow":["GET"]}}],"collection":[{"href":"https:\/\/automatic.ee\/ru\/wp-json\/wp\/v2\/product"}],"about":[{"href":"https:\/\/automatic.ee\/ru\/wp-json\/wp\/v2\/types\/product"}],"replies":[{"embeddable":true,"href":"https:\/\/automatic.ee\/ru\/wp-json\/wp\/v2\/comments?post=108185"}],"wp:featuredmedia":[{"embeddable":true,"href":"https:\/\/automatic.ee\/ru\/wp-json\/wp\/v2\/media\/108182"}],"wp:attachment":[{"href":"https:\/\/automatic.ee\/ru\/wp-json\/wp\/v2\/media?parent=108185"}],"wp:term":[{"taxonomy":"product_brand","embeddable":true,"href":"https:\/\/automatic.ee\/ru\/wp-json\/wp\/v2\/product_brand?post=108185"},{"taxonomy":"product_cat","embeddable":true,"href":"https:\/\/automatic.ee\/ru\/wp-json\/wp\/v2\/product_cat?post=108185"},{"taxonomy":"product_tag","embeddable":true,"href":"https:\/\/automatic.ee\/ru\/wp-json\/wp\/v2\/product_tag?post=108185"}],"curies":[{"name":"wp","href":"https:\/\/api.w.org\/{rel}","templated":true}]}}