{"id":108009,"date":"2025-11-04T04:38:22","date_gmt":"2025-11-04T02:38:22","guid":{"rendered":"https:\/\/automatic.ee\/toode\/caramics-interior-protection-kit-sisekaitsekomplekt\/"},"modified":"2025-11-04T04:38:22","modified_gmt":"2025-11-04T02:38:22","slug":"caramics-interior-protection-kit-sisekaitsekomplekt","status":"publish","type":"product","link":"https:\/\/automatic.ee\/ru\/toode\/caramics-interior-protection-kit-sisekaitsekomplekt\/","title":{"rendered":"Caramics Interior Protection Kit SISEKAITSEKOMPLEKT"},"content":{"rendered":"<p>Salongikaitsekomplekt Caramics pakub k\u00f5ike. mida vajate oma s\u00f5iduki salongi k\u00f5igi pindade kaitsmiseks. alates nahkkattest kuni riidest istmete ja vaipadeni. Sisseehitatud t\u00f5rjevahend ja v\u00e4rvivastane plekitehnoloogia aitab teie interj\u00f6\u00f6ri h\u00f5lpsalt viimistleda. Komplekti sisu 1 x 100 ml eelpuhastust. 2 x 100 ml kanga- ja vaibakaitset. 1 x 100 ml nahapihustit. 4 x mikropuhastiga aplikaatorit. kaitsekindad. kasutusjuhendid. kleebised. Enne alustamist veenduge. et s\u00f5iduk oleks puhas ja kuiv. <\/p>\n","protected":false},"excerpt":{"rendered":"<p>784672119979<\/p>\n","protected":false},"featured_media":108006,"comment_status":"open","ping_status":"closed","template":"","meta":{"colormag_page_container_layout":"default_layout","colormag_page_sidebar_layout":"default_layout"},"product_brand":[],"product_cat":[128],"product_tag":[],"class_list":{"0":"post-108009","1":"product","2":"type-product","3":"status-publish","4":"has-post-thumbnail","6":"product_cat-autokeemia","8":"first","9":"instock","10":"shipping-taxable","11":"purchasable","12":"product-type-simple"},"_links":{"self":[{"href":"https:\/\/automatic.ee\/ru\/wp-json\/wp\/v2\/product\/108009","targetHints":{"allow":["GET"]}}],"collection":[{"href":"https:\/\/automatic.ee\/ru\/wp-json\/wp\/v2\/product"}],"about":[{"href":"https:\/\/automatic.ee\/ru\/wp-json\/wp\/v2\/types\/product"}],"replies":[{"embeddable":true,"href":"https:\/\/automatic.ee\/ru\/wp-json\/wp\/v2\/comments?post=108009"}],"wp:featuredmedia":[{"embeddable":true,"href":"https:\/\/automatic.ee\/ru\/wp-json\/wp\/v2\/media\/108006"}],"wp:attachment":[{"href":"https:\/\/automatic.ee\/ru\/wp-json\/wp\/v2\/media?parent=108009"}],"wp:term":[{"taxonomy":"product_brand","embeddable":true,"href":"https:\/\/automatic.ee\/ru\/wp-json\/wp\/v2\/product_brand?post=108009"},{"taxonomy":"product_cat","embeddable":true,"href":"https:\/\/automatic.ee\/ru\/wp-json\/wp\/v2\/product_cat?post=108009"},{"taxonomy":"product_tag","embeddable":true,"href":"https:\/\/automatic.ee\/ru\/wp-json\/wp\/v2\/product_tag?post=108009"}],"curies":[{"name":"wp","href":"https:\/\/api.w.org\/{rel}","templated":true}]}}