{"id":108001,"date":"2025-11-04T04:38:15","date_gmt":"2025-11-04T02:38:15","guid":{"rendered":"https:\/\/automatic.ee\/toode\/ohuvarskendajat-250ml-aroma-bubble\/"},"modified":"2025-11-04T04:38:15","modified_gmt":"2025-11-04T02:38:15","slug":"ohuvarskendajat-250ml-aroma-bubble","status":"publish","type":"product","link":"https:\/\/automatic.ee\/ru\/toode\/ohuvarskendajat-250ml-aroma-bubble\/","title":{"rendered":"\u00d5huv\u00e4rskendajat 250ml Aroma bubble"},"content":{"rendered":"<p>Aroma Spray Freshener &#8212; pihustatav v\u00e4rskendaja, mis muudab teie auto salongi l\u00f5hna paremaks kui kunagi varem.<\/p>\n","protected":false},"excerpt":{"rendered":"<p>784672120029 Auto Finesse<\/p>\n","protected":false},"featured_media":107998,"comment_status":"open","ping_status":"closed","template":"","meta":{"colormag_page_container_layout":"default_layout","colormag_page_sidebar_layout":"default_layout"},"product_brand":[],"product_cat":[128],"product_tag":[],"class_list":{"0":"post-108001","1":"product","2":"type-product","3":"status-publish","4":"has-post-thumbnail","6":"product_cat-autokeemia","8":"first","9":"instock","10":"shipping-taxable","11":"purchasable","12":"product-type-simple"},"_links":{"self":[{"href":"https:\/\/automatic.ee\/ru\/wp-json\/wp\/v2\/product\/108001","targetHints":{"allow":["GET"]}}],"collection":[{"href":"https:\/\/automatic.ee\/ru\/wp-json\/wp\/v2\/product"}],"about":[{"href":"https:\/\/automatic.ee\/ru\/wp-json\/wp\/v2\/types\/product"}],"replies":[{"embeddable":true,"href":"https:\/\/automatic.ee\/ru\/wp-json\/wp\/v2\/comments?post=108001"}],"wp:featuredmedia":[{"embeddable":true,"href":"https:\/\/automatic.ee\/ru\/wp-json\/wp\/v2\/media\/107998"}],"wp:attachment":[{"href":"https:\/\/automatic.ee\/ru\/wp-json\/wp\/v2\/media?parent=108001"}],"wp:term":[{"taxonomy":"product_brand","embeddable":true,"href":"https:\/\/automatic.ee\/ru\/wp-json\/wp\/v2\/product_brand?post=108001"},{"taxonomy":"product_cat","embeddable":true,"href":"https:\/\/automatic.ee\/ru\/wp-json\/wp\/v2\/product_cat?post=108001"},{"taxonomy":"product_tag","embeddable":true,"href":"https:\/\/automatic.ee\/ru\/wp-json\/wp\/v2\/product_tag?post=108001"}],"curies":[{"name":"wp","href":"https:\/\/api.w.org\/{rel}","templated":true}]}}