{"id":107953,"date":"2025-11-04T04:37:36","date_gmt":"2025-11-04T02:37:36","guid":{"rendered":"https:\/\/automatic.ee\/toode\/autoparfuum-motion-250ml-grass\/"},"modified":"2025-11-04T04:37:36","modified_gmt":"2025-11-04T02:37:36","slug":"autoparfuum-motion-250ml-grass","status":"publish","type":"product","link":"https:\/\/automatic.ee\/ru\/toode\/autoparfuum-motion-250ml-grass\/","title":{"rendered":"Autoparf\u00fc\u00fcm Motion 250ml GRASS"},"content":{"rendered":"<p>pihustuspudel v\u00f5imaldavad teil l\u00f5hna pikka aega nautida. Sobib \u00f5hu aromatiseerimiseks ruumides \u00fcks kord-isiklik t\u00fc\u00fcp ja autos; ei j\u00e4ta polstrile j\u00e4lgi; Kangad; m\u00f6\u00f6bel; tapeet. <\/p>\n<p><span><\/span><\/p>\n","protected":false},"excerpt":{"rendered":"<p>800015<\/p>\n","protected":false},"featured_media":107950,"comment_status":"open","ping_status":"closed","template":"","meta":{"colormag_page_container_layout":"default_layout","colormag_page_sidebar_layout":"default_layout"},"product_brand":[],"product_cat":[162],"product_tag":[],"class_list":{"0":"post-107953","1":"product","2":"type-product","3":"status-publish","4":"has-post-thumbnail","6":"product_cat-grass-keemia-ja-detailing","8":"first","9":"instock","10":"shipping-taxable","11":"purchasable","12":"product-type-simple"},"_links":{"self":[{"href":"https:\/\/automatic.ee\/ru\/wp-json\/wp\/v2\/product\/107953","targetHints":{"allow":["GET"]}}],"collection":[{"href":"https:\/\/automatic.ee\/ru\/wp-json\/wp\/v2\/product"}],"about":[{"href":"https:\/\/automatic.ee\/ru\/wp-json\/wp\/v2\/types\/product"}],"replies":[{"embeddable":true,"href":"https:\/\/automatic.ee\/ru\/wp-json\/wp\/v2\/comments?post=107953"}],"wp:featuredmedia":[{"embeddable":true,"href":"https:\/\/automatic.ee\/ru\/wp-json\/wp\/v2\/media\/107950"}],"wp:attachment":[{"href":"https:\/\/automatic.ee\/ru\/wp-json\/wp\/v2\/media?parent=107953"}],"wp:term":[{"taxonomy":"product_brand","embeddable":true,"href":"https:\/\/automatic.ee\/ru\/wp-json\/wp\/v2\/product_brand?post=107953"},{"taxonomy":"product_cat","embeddable":true,"href":"https:\/\/automatic.ee\/ru\/wp-json\/wp\/v2\/product_cat?post=107953"},{"taxonomy":"product_tag","embeddable":true,"href":"https:\/\/automatic.ee\/ru\/wp-json\/wp\/v2\/product_tag?post=107953"}],"curies":[{"name":"wp","href":"https:\/\/api.w.org\/{rel}","templated":true}]}}