{"id":107945,"date":"2025-11-04T04:37:28","date_gmt":"2025-11-04T02:37:28","guid":{"rendered":"https:\/\/automatic.ee\/toode\/plastipuhastusvahend-polyrole-shine-salvratik-600ml\/"},"modified":"2025-11-04T04:37:28","modified_gmt":"2025-11-04T02:37:28","slug":"plastipuhastusvahend-polyrole-shine-salvratik-600ml","status":"publish","type":"product","link":"https:\/\/automatic.ee\/ru\/toode\/plastipuhastusvahend-polyrole-shine-salvratik-600ml\/","title":{"rendered":"Plastipuhastusvahend POLYROLE SHINE  +Salvr\u00e4tik 600ML"},"content":{"rendered":"<p>Multifunktsionaalne l\u00e4ikiv puhastusvahend nahale, kummile ja plastikule. T\u00e4iesti puhastab, reprodutseerib tuhmunud v\u00e4rve, ei kogu tolmu. See toode on rakendatav ka igap\u00e4evaelus.<\/p>\n<div>Mikrokiudkangas 1 tk, 30 x 30 cm.<\/div>\n<p>Kasutusviis: <\/p>\n<p>enne kasutamist loksutada. Puhastage pind eelnevalt, kui see muutub v\u00e4ga m\u00e4\u00e4rdunud. Kandke puhastatud pinnale poleerimispudel v\u00f5i -lapp. Ringjate liigutustega h\u00f5\u00f5ruge pind p\u00f5hjalikult.<\/p>\n","protected":false},"excerpt":{"rendered":"<p>800600<\/p>\n","protected":false},"featured_media":107942,"comment_status":"open","ping_status":"closed","template":"","meta":{"colormag_page_container_layout":"default_layout","colormag_page_sidebar_layout":"default_layout"},"product_brand":[],"product_cat":[128,162],"product_tag":[],"class_list":{"0":"post-107945","1":"product","2":"type-product","3":"status-publish","4":"has-post-thumbnail","6":"product_cat-autokeemia","7":"product_cat-grass-keemia-ja-detailing","9":"first","10":"instock","11":"shipping-taxable","12":"purchasable","13":"product-type-simple"},"_links":{"self":[{"href":"https:\/\/automatic.ee\/ru\/wp-json\/wp\/v2\/product\/107945","targetHints":{"allow":["GET"]}}],"collection":[{"href":"https:\/\/automatic.ee\/ru\/wp-json\/wp\/v2\/product"}],"about":[{"href":"https:\/\/automatic.ee\/ru\/wp-json\/wp\/v2\/types\/product"}],"replies":[{"embeddable":true,"href":"https:\/\/automatic.ee\/ru\/wp-json\/wp\/v2\/comments?post=107945"}],"wp:featuredmedia":[{"embeddable":true,"href":"https:\/\/automatic.ee\/ru\/wp-json\/wp\/v2\/media\/107942"}],"wp:attachment":[{"href":"https:\/\/automatic.ee\/ru\/wp-json\/wp\/v2\/media?parent=107945"}],"wp:term":[{"taxonomy":"product_brand","embeddable":true,"href":"https:\/\/automatic.ee\/ru\/wp-json\/wp\/v2\/product_brand?post=107945"},{"taxonomy":"product_cat","embeddable":true,"href":"https:\/\/automatic.ee\/ru\/wp-json\/wp\/v2\/product_cat?post=107945"},{"taxonomy":"product_tag","embeddable":true,"href":"https:\/\/automatic.ee\/ru\/wp-json\/wp\/v2\/product_tag?post=107945"}],"curies":[{"name":"wp","href":"https:\/\/api.w.org\/{rel}","templated":true}]}}