{"id":107885,"date":"2025-11-04T04:36:25","date_gmt":"2025-11-04T02:36:25","guid":{"rendered":"https:\/\/automatic.ee\/toode\/kombineeritud-porkvotme-komplekt-%d0%bd%d0%b0%d0%b1%d0%be%d1%80-%d0%ba%d0%bb%d1%8e%d1%87%d0%b5%d0%b9-%d1%81-%d1%85%d1%80%d0%b0%d0%bf%d0%be%d0%b2%d1%8b%d0%bc-%d0%bc%d0%b5%d1%85%d0%b0%d0%bd%d0%b8%d0%b7\/"},"modified":"2025-11-04T04:36:25","modified_gmt":"2025-11-04T02:36:25","slug":"kombineeritud-porkvotme-komplekt-%d0%bd%d0%b0%d0%b1%d0%be%d1%80-%d0%ba%d0%bb%d1%8e%d1%87%d0%b5%d0%b9-%d1%81-%d1%85%d1%80%d0%b0%d0%bf%d0%be%d0%b2%d1%8b%d0%bc-%d0%bc%d0%b5%d1%85%d0%b0%d0%bd%d0%b8%d0%b7","status":"publish","type":"product","link":"https:\/\/automatic.ee\/ru\/toode\/kombineeritud-porkvotme-komplekt-%d0%bd%d0%b0%d0%b1%d0%be%d1%80-%d0%ba%d0%bb%d1%8e%d1%87%d0%b5%d0%b9-%d1%81-%d1%85%d1%80%d0%b0%d0%bf%d0%be%d0%b2%d1%8b%d0%bc-%d0%bc%d0%b5%d1%85%d0%b0%d0%bd%d0%b8%d0%b7\/","title":{"rendered":"Kombineeritud p\u00f5rkv\u00f5tme komplekt \u041d\u0430\u0431\u043e\u0440 \u043a\u043b\u044e\u0447\u0435\u0439 \u0441 \u0445\u0440\u0430\u043f\u043e\u0432\u044b\u043c \u043c\u0435\u0445\u0430\u043d\u0438\u0437. 5 tk."},"content":{"rendered":"<p>V\u00f5ib kasutada kitsastes kohtades: 90-hambaline p\u00f5rkmehhanism l\u00fchikese k\u00e4iguga (ainult 4\u00b0).<\/p>\n<div>Innoline profiil mitme \u00f5\u00f5nsusega: TX, 6 v\u00f5i 12 k\u00fclge, meetriline ja imperial.<\/div>\n<div>P\u00f6\u00f6ratav p\u00f5rkmehhanism parema\/vasakpoolse tagak\u00fcljega<\/div>\n<div>2 suurust v\u00f5tme kohta<\/div>\n","protected":false},"excerpt":{"rendered":"<p>82419 BERNER<\/p>\n","protected":false},"featured_media":107882,"comment_status":"open","ping_status":"closed","template":"","meta":{"colormag_page_container_layout":"default_layout","colormag_page_sidebar_layout":"default_layout"},"product_brand":[],"product_cat":[115,142],"product_tag":[],"class_list":{"0":"post-107885","1":"product","2":"type-product","3":"status-publish","4":"has-post-thumbnail","6":"product_cat-mutrivotmed-komplektid","7":"product_cat-tooriistad","9":"first","10":"instock","11":"shipping-taxable","12":"purchasable","13":"product-type-simple"},"_links":{"self":[{"href":"https:\/\/automatic.ee\/ru\/wp-json\/wp\/v2\/product\/107885","targetHints":{"allow":["GET"]}}],"collection":[{"href":"https:\/\/automatic.ee\/ru\/wp-json\/wp\/v2\/product"}],"about":[{"href":"https:\/\/automatic.ee\/ru\/wp-json\/wp\/v2\/types\/product"}],"replies":[{"embeddable":true,"href":"https:\/\/automatic.ee\/ru\/wp-json\/wp\/v2\/comments?post=107885"}],"wp:featuredmedia":[{"embeddable":true,"href":"https:\/\/automatic.ee\/ru\/wp-json\/wp\/v2\/media\/107882"}],"wp:attachment":[{"href":"https:\/\/automatic.ee\/ru\/wp-json\/wp\/v2\/media?parent=107885"}],"wp:term":[{"taxonomy":"product_brand","embeddable":true,"href":"https:\/\/automatic.ee\/ru\/wp-json\/wp\/v2\/product_brand?post=107885"},{"taxonomy":"product_cat","embeddable":true,"href":"https:\/\/automatic.ee\/ru\/wp-json\/wp\/v2\/product_cat?post=107885"},{"taxonomy":"product_tag","embeddable":true,"href":"https:\/\/automatic.ee\/ru\/wp-json\/wp\/v2\/product_tag?post=107885"}],"curies":[{"name":"wp","href":"https:\/\/api.w.org\/{rel}","templated":true}]}}