{"id":107833,"date":"2025-11-04T04:35:21","date_gmt":"2025-11-04T02:35:21","guid":{"rendered":"https:\/\/automatic.ee\/toode\/ketimaare-e-bike-100ml\/"},"modified":"2025-11-04T04:35:21","modified_gmt":"2025-11-04T02:35:21","slug":"ketimaare-e-bike-100ml","status":"publish","type":"product","link":"https:\/\/automatic.ee\/ru\/toode\/ketimaare-e-bike-100ml\/","title":{"rendered":"Ketim\u00e4\u00e4re E-BIKE 100ML"},"content":{"rendered":"<p>El.jalgrattele ketim\u00e4\u00e4re aerosool 100ml<\/p>\n","protected":false},"excerpt":{"rendered":"<p>872-100 SONAX<\/p>\n","protected":false},"featured_media":107830,"comment_status":"open","ping_status":"closed","template":"","meta":{"colormag_page_container_layout":"default_layout","colormag_page_sidebar_layout":"default_layout"},"product_brand":[],"product_cat":[108],"product_tag":[],"class_list":{"0":"post-107833","1":"product","2":"type-product","3":"status-publish","4":"has-post-thumbnail","6":"product_cat-misc","8":"first","9":"instock","10":"shipping-taxable","11":"purchasable","12":"product-type-simple"},"_links":{"self":[{"href":"https:\/\/automatic.ee\/ru\/wp-json\/wp\/v2\/product\/107833","targetHints":{"allow":["GET"]}}],"collection":[{"href":"https:\/\/automatic.ee\/ru\/wp-json\/wp\/v2\/product"}],"about":[{"href":"https:\/\/automatic.ee\/ru\/wp-json\/wp\/v2\/types\/product"}],"replies":[{"embeddable":true,"href":"https:\/\/automatic.ee\/ru\/wp-json\/wp\/v2\/comments?post=107833"}],"wp:featuredmedia":[{"embeddable":true,"href":"https:\/\/automatic.ee\/ru\/wp-json\/wp\/v2\/media\/107830"}],"wp:attachment":[{"href":"https:\/\/automatic.ee\/ru\/wp-json\/wp\/v2\/media?parent=107833"}],"wp:term":[{"taxonomy":"product_brand","embeddable":true,"href":"https:\/\/automatic.ee\/ru\/wp-json\/wp\/v2\/product_brand?post=107833"},{"taxonomy":"product_cat","embeddable":true,"href":"https:\/\/automatic.ee\/ru\/wp-json\/wp\/v2\/product_cat?post=107833"},{"taxonomy":"product_tag","embeddable":true,"href":"https:\/\/automatic.ee\/ru\/wp-json\/wp\/v2\/product_tag?post=107833"}],"curies":[{"name":"wp","href":"https:\/\/api.w.org\/{rel}","templated":true}]}}