{"id":107825,"date":"2025-11-04T04:35:12","date_gmt":"2025-11-04T02:35:12","guid":{"rendered":"https:\/\/automatic.ee\/toode\/rehvilaike-applikaator\/"},"modified":"2025-11-04T04:35:12","modified_gmt":"2025-11-04T02:35:12","slug":"rehvilaike-applikaator","status":"publish","type":"product","link":"https:\/\/automatic.ee\/ru\/toode\/rehvilaike-applikaator\/","title":{"rendered":"REHVIL\u00c4IKE APPLIKAATOR"},"content":{"rendered":"<p>Uus CARPRO Tire Swipe Applicator sisaldab k\u00e4put\u00e4is t\u00e4iustusi! Tihedam vaht v\u00f5imaldab kergemini rehvi pinnale tungida, samal ajal kui as\u00fcmmeetriline raadius v\u00f5imaldab kasutada seda paljude erinevate rehviprofiilide puhul! Kellelegi ei meeldi, kui rehvipesuvahendid satuvad veljele v\u00f5i k\u00e4tele ja uus CARPRO Tire Swipe Applicator v\u00e4ldib seda jama t\u00e4ielikult!<\/p>\n","protected":false},"excerpt":{"rendered":"<p>8809397817350 CARPRO<\/p>\n","protected":false},"featured_media":107822,"comment_status":"open","ping_status":"closed","template":"","meta":{"colormag_page_container_layout":"default_layout","colormag_page_sidebar_layout":"default_layout"},"product_brand":[],"product_cat":[108],"product_tag":[],"class_list":{"0":"post-107825","1":"product","2":"type-product","3":"status-publish","4":"has-post-thumbnail","6":"product_cat-misc","8":"first","9":"instock","10":"shipping-taxable","11":"purchasable","12":"product-type-simple"},"_links":{"self":[{"href":"https:\/\/automatic.ee\/ru\/wp-json\/wp\/v2\/product\/107825","targetHints":{"allow":["GET"]}}],"collection":[{"href":"https:\/\/automatic.ee\/ru\/wp-json\/wp\/v2\/product"}],"about":[{"href":"https:\/\/automatic.ee\/ru\/wp-json\/wp\/v2\/types\/product"}],"replies":[{"embeddable":true,"href":"https:\/\/automatic.ee\/ru\/wp-json\/wp\/v2\/comments?post=107825"}],"wp:featuredmedia":[{"embeddable":true,"href":"https:\/\/automatic.ee\/ru\/wp-json\/wp\/v2\/media\/107822"}],"wp:attachment":[{"href":"https:\/\/automatic.ee\/ru\/wp-json\/wp\/v2\/media?parent=107825"}],"wp:term":[{"taxonomy":"product_brand","embeddable":true,"href":"https:\/\/automatic.ee\/ru\/wp-json\/wp\/v2\/product_brand?post=107825"},{"taxonomy":"product_cat","embeddable":true,"href":"https:\/\/automatic.ee\/ru\/wp-json\/wp\/v2\/product_cat?post=107825"},{"taxonomy":"product_tag","embeddable":true,"href":"https:\/\/automatic.ee\/ru\/wp-json\/wp\/v2\/product_tag?post=107825"}],"curies":[{"name":"wp","href":"https:\/\/api.w.org\/{rel}","templated":true}]}}