{"id":107821,"date":"2025-11-04T04:35:06","date_gmt":"2025-11-04T02:35:06","guid":{"rendered":"https:\/\/automatic.ee\/toode\/poleerimispad-kompl-12tk\/"},"modified":"2025-11-04T04:35:06","modified_gmt":"2025-11-04T02:35:06","slug":"poleerimispad-kompl-12tk","status":"publish","type":"product","link":"https:\/\/automatic.ee\/ru\/toode\/poleerimispad-kompl-12tk\/","title":{"rendered":"POLEERIMISPAD. KOMPL. (12TK.)"},"content":{"rendered":"<p>CARPRO Nano Pads Kit (12 pakki) 25mm &amp; 50mm<\/p>\n<p>CARPRO Nano Pad Kit on 2024. aasta jaoks uuesti leiutatud! See 12-osaline komplekt sisaldab (4) CARPRO mikrofiiberist l\u00f5ikepadjakest, (4) CARPRO poleerimispadjakest ning (4) CARPRO l\u00e4ikepadjakest. T\u00e4iesti uus komplekt sisaldab mitte ainult 50mm patju, vaid ka 25mm patju! Need nanopadjad t\u00f6\u00f6tavad suurep\u00e4raselt koos suure hulga minit\u00f6\u00f6riistadega, nii elektriliste kui ka pneumaatiliste, kahetoimeliste ja p\u00f6\u00f6rlevate t\u00f6\u00f6riistadega!<\/p>\n<p>Sisaldab:<br \/>2 x 25mm mikrofiibrist l\u00f5ikepadi.<br \/>2 x 25mm oran\u017ei v\u00e4rvi poleerimispadi.<br \/>2 x 25mm valge l\u00e4ikepadi.<br \/>2 x 50mm mikrokiududest l\u00f5ikepadi.<br \/>2 x 50mm oran\u017e poleerimislappi.<br \/>2 x 50mm valge l\u00e4ikiv padi.<\/p>\n","protected":false},"excerpt":{"rendered":"<p>8809397817770 CARPRO<\/p>\n","protected":false},"featured_media":107818,"comment_status":"open","ping_status":"closed","template":"","meta":{"colormag_page_container_layout":"default_layout","colormag_page_sidebar_layout":"default_layout"},"product_brand":[],"product_cat":[108],"product_tag":[],"class_list":{"0":"post-107821","1":"product","2":"type-product","3":"status-publish","4":"has-post-thumbnail","6":"product_cat-misc","8":"first","9":"instock","10":"shipping-taxable","11":"purchasable","12":"product-type-simple"},"_links":{"self":[{"href":"https:\/\/automatic.ee\/ru\/wp-json\/wp\/v2\/product\/107821","targetHints":{"allow":["GET"]}}],"collection":[{"href":"https:\/\/automatic.ee\/ru\/wp-json\/wp\/v2\/product"}],"about":[{"href":"https:\/\/automatic.ee\/ru\/wp-json\/wp\/v2\/types\/product"}],"replies":[{"embeddable":true,"href":"https:\/\/automatic.ee\/ru\/wp-json\/wp\/v2\/comments?post=107821"}],"wp:featuredmedia":[{"embeddable":true,"href":"https:\/\/automatic.ee\/ru\/wp-json\/wp\/v2\/media\/107818"}],"wp:attachment":[{"href":"https:\/\/automatic.ee\/ru\/wp-json\/wp\/v2\/media?parent=107821"}],"wp:term":[{"taxonomy":"product_brand","embeddable":true,"href":"https:\/\/automatic.ee\/ru\/wp-json\/wp\/v2\/product_brand?post=107821"},{"taxonomy":"product_cat","embeddable":true,"href":"https:\/\/automatic.ee\/ru\/wp-json\/wp\/v2\/product_cat?post=107821"},{"taxonomy":"product_tag","embeddable":true,"href":"https:\/\/automatic.ee\/ru\/wp-json\/wp\/v2\/product_tag?post=107821"}],"curies":[{"name":"wp","href":"https:\/\/api.w.org\/{rel}","templated":true}]}}