{"id":107813,"date":"2025-11-04T04:34:55","date_gmt":"2025-11-04T02:34:55","guid":{"rendered":"https:\/\/automatic.ee\/toode\/q2-cancoat-evo-lihtsasti-kasutatav-keraamiline-kaitse-spreipudelis\/"},"modified":"2025-11-04T04:34:55","modified_gmt":"2025-11-04T02:34:55","slug":"q2-cancoat-evo-lihtsasti-kasutatav-keraamiline-kaitse-spreipudelis","status":"publish","type":"product","link":"https:\/\/automatic.ee\/ru\/toode\/q2-cancoat-evo-lihtsasti-kasutatav-keraamiline-kaitse-spreipudelis\/","title":{"rendered":"Q2 CanCoat EVO LIHTSASTI KASUTATAV KERAAMILINE KAITSE SPREIPUDELIS"},"content":{"rendered":"<p>Lihtsalt pritsi toodet kaasa pandud mikrofiiberlapile ning eemalda \u00fcleloogine toode. saavutamaks suurep\u00e4rane l\u00e4ige. T\u00e4pselt nii lihtne on paigaldada Q\u00b2 CanCoat EVO keraamilist kaitset! N\u00fc\u00fcd on EVO variant veel vastupidavam ja lihtsamini paigaldatav SiO2 keraamiline kaitse.<\/p>\n","protected":false},"excerpt":{"rendered":"<p>8809432670278<\/p>\n","protected":false},"featured_media":107810,"comment_status":"open","ping_status":"closed","template":"","meta":{"colormag_page_container_layout":"default_layout","colormag_page_sidebar_layout":"default_layout"},"product_brand":[],"product_cat":[128],"product_tag":[],"class_list":{"0":"post-107813","1":"product","2":"type-product","3":"status-publish","4":"has-post-thumbnail","6":"product_cat-autokeemia","8":"first","9":"instock","10":"shipping-taxable","11":"purchasable","12":"product-type-simple"},"_links":{"self":[{"href":"https:\/\/automatic.ee\/ru\/wp-json\/wp\/v2\/product\/107813","targetHints":{"allow":["GET"]}}],"collection":[{"href":"https:\/\/automatic.ee\/ru\/wp-json\/wp\/v2\/product"}],"about":[{"href":"https:\/\/automatic.ee\/ru\/wp-json\/wp\/v2\/types\/product"}],"replies":[{"embeddable":true,"href":"https:\/\/automatic.ee\/ru\/wp-json\/wp\/v2\/comments?post=107813"}],"wp:featuredmedia":[{"embeddable":true,"href":"https:\/\/automatic.ee\/ru\/wp-json\/wp\/v2\/media\/107810"}],"wp:attachment":[{"href":"https:\/\/automatic.ee\/ru\/wp-json\/wp\/v2\/media?parent=107813"}],"wp:term":[{"taxonomy":"product_brand","embeddable":true,"href":"https:\/\/automatic.ee\/ru\/wp-json\/wp\/v2\/product_brand?post=107813"},{"taxonomy":"product_cat","embeddable":true,"href":"https:\/\/automatic.ee\/ru\/wp-json\/wp\/v2\/product_cat?post=107813"},{"taxonomy":"product_tag","embeddable":true,"href":"https:\/\/automatic.ee\/ru\/wp-json\/wp\/v2\/product_tag?post=107813"}],"curies":[{"name":"wp","href":"https:\/\/api.w.org\/{rel}","templated":true}]}}