{"id":107789,"date":"2025-11-04T04:34:24","date_gmt":"2025-11-04T02:34:24","guid":{"rendered":"https:\/\/automatic.ee\/toode\/q2-rim-unikaalne-velgedele-moeldud-kattevahend\/"},"modified":"2025-11-04T04:34:24","modified_gmt":"2025-11-04T02:34:24","slug":"q2-rim-unikaalne-velgedele-moeldud-kattevahend","status":"publish","type":"product","link":"https:\/\/automatic.ee\/ru\/toode\/q2-rim-unikaalne-velgedele-moeldud-kattevahend\/","title":{"rendered":"Q2 Rim UNIKAALNE VELGEDELE M\u00d5ELDUD KATTEVAHEND"},"content":{"rendered":"<p>Turul on saadaval mitmesuguseid velje t\u00fc\u00fcpe. nt. m\u00e4rgv\u00e4rvitud. pulberv\u00e4rvitud. anodeeritud v\u00f5i poleeritud. Q\u00b2 Rim on sobiv toode. et kaitsta neid k\u00f5iki. Poleeritud velgede omanikud on t\u00e4heldanud. et nn peegliefekti v\u00e4rskendamise vajadus on oluliselt harvem.<\/p>\n","protected":false},"excerpt":{"rendered":"<p>8809432670407<\/p>\n","protected":false},"featured_media":107786,"comment_status":"open","ping_status":"closed","template":"","meta":{"colormag_page_container_layout":"default_layout","colormag_page_sidebar_layout":"default_layout"},"product_brand":[],"product_cat":[128],"product_tag":[],"class_list":{"0":"post-107789","1":"product","2":"type-product","3":"status-publish","4":"has-post-thumbnail","6":"product_cat-autokeemia","8":"first","9":"instock","10":"shipping-taxable","11":"purchasable","12":"product-type-simple"},"_links":{"self":[{"href":"https:\/\/automatic.ee\/ru\/wp-json\/wp\/v2\/product\/107789","targetHints":{"allow":["GET"]}}],"collection":[{"href":"https:\/\/automatic.ee\/ru\/wp-json\/wp\/v2\/product"}],"about":[{"href":"https:\/\/automatic.ee\/ru\/wp-json\/wp\/v2\/types\/product"}],"replies":[{"embeddable":true,"href":"https:\/\/automatic.ee\/ru\/wp-json\/wp\/v2\/comments?post=107789"}],"wp:featuredmedia":[{"embeddable":true,"href":"https:\/\/automatic.ee\/ru\/wp-json\/wp\/v2\/media\/107786"}],"wp:attachment":[{"href":"https:\/\/automatic.ee\/ru\/wp-json\/wp\/v2\/media?parent=107789"}],"wp:term":[{"taxonomy":"product_brand","embeddable":true,"href":"https:\/\/automatic.ee\/ru\/wp-json\/wp\/v2\/product_brand?post=107789"},{"taxonomy":"product_cat","embeddable":true,"href":"https:\/\/automatic.ee\/ru\/wp-json\/wp\/v2\/product_cat?post=107789"},{"taxonomy":"product_tag","embeddable":true,"href":"https:\/\/automatic.ee\/ru\/wp-json\/wp\/v2\/product_tag?post=107789"}],"curies":[{"name":"wp","href":"https:\/\/api.w.org\/{rel}","templated":true}]}}