{"id":107781,"date":"2025-11-04T04:34:16","date_gmt":"2025-11-04T02:34:16","guid":{"rendered":"https:\/\/automatic.ee\/toode\/q2-view-vastupidav-ja-tohus-vihmakaitse\/"},"modified":"2025-11-04T04:34:16","modified_gmt":"2025-11-04T02:34:16","slug":"q2-view-vastupidav-ja-tohus-vihmakaitse","status":"publish","type":"product","link":"https:\/\/automatic.ee\/ru\/toode\/q2-view-vastupidav-ja-tohus-vihmakaitse\/","title":{"rendered":"Q2 View VASTUPIDAV JA T\u00d5HUS VIHMAKAITSE"},"content":{"rendered":"<p>Turul on palju h\u00fcdrofoobseid katteid. kuid nende vastupidavus j\u00e4tab palju soovida. Meie tootel on kaks seda t\u00fc\u00fcpi toote k\u00f5ige soovitavamat omadust. See p\u00fcsib k\u00f5ige intensiivsemalt kasutataval tuuleklaasil kuni 12 kuud. tagades samal ajal veet\u00f5rje.<\/p>\n","protected":false},"excerpt":{"rendered":"<p>8809432670551<\/p>\n","protected":false},"featured_media":107778,"comment_status":"open","ping_status":"closed","template":"","meta":{"colormag_page_container_layout":"default_layout","colormag_page_sidebar_layout":"default_layout"},"product_brand":[],"product_cat":[128],"product_tag":[],"class_list":{"0":"post-107781","1":"product","2":"type-product","3":"status-publish","4":"has-post-thumbnail","6":"product_cat-autokeemia","8":"first","9":"instock","10":"shipping-taxable","11":"purchasable","12":"product-type-simple"},"_links":{"self":[{"href":"https:\/\/automatic.ee\/ru\/wp-json\/wp\/v2\/product\/107781","targetHints":{"allow":["GET"]}}],"collection":[{"href":"https:\/\/automatic.ee\/ru\/wp-json\/wp\/v2\/product"}],"about":[{"href":"https:\/\/automatic.ee\/ru\/wp-json\/wp\/v2\/types\/product"}],"replies":[{"embeddable":true,"href":"https:\/\/automatic.ee\/ru\/wp-json\/wp\/v2\/comments?post=107781"}],"wp:featuredmedia":[{"embeddable":true,"href":"https:\/\/automatic.ee\/ru\/wp-json\/wp\/v2\/media\/107778"}],"wp:attachment":[{"href":"https:\/\/automatic.ee\/ru\/wp-json\/wp\/v2\/media?parent=107781"}],"wp:term":[{"taxonomy":"product_brand","embeddable":true,"href":"https:\/\/automatic.ee\/ru\/wp-json\/wp\/v2\/product_brand?post=107781"},{"taxonomy":"product_cat","embeddable":true,"href":"https:\/\/automatic.ee\/ru\/wp-json\/wp\/v2\/product_cat?post=107781"},{"taxonomy":"product_tag","embeddable":true,"href":"https:\/\/automatic.ee\/ru\/wp-json\/wp\/v2\/product_tag?post=107781"}],"curies":[{"name":"wp","href":"https:\/\/api.w.org\/{rel}","templated":true}]}}