{"id":107773,"date":"2025-11-04T04:34:07","date_gmt":"2025-11-04T02:34:07","guid":{"rendered":"https:\/\/automatic.ee\/toode\/rehvilaige-400ml-2\/"},"modified":"2025-11-04T04:34:07","modified_gmt":"2025-11-04T02:34:07","slug":"rehvilaige-400ml-2","status":"publish","type":"product","link":"https:\/\/automatic.ee\/ru\/toode\/rehvilaige-400ml-2\/","title":{"rendered":"REHVIL\u00c4IGE 400ML"},"content":{"rendered":"<p>Q\u00b2 rehv on ainus SiO2-p\u00f5hine rehvikate. See tagab mitte ainult vastupidavuse. vaid ka suurep\u00e4rase l\u00f5pptulemuse. Selle vastupidavuse pikendamiseks v\u00f5ib toodet kanda kihtidena v\u00f5i kuumutatuna. Vaatamata sellele. et mustuse t\u00f5rjuvus v\u00f5ib ajapikku kaduda. s\u00e4ilib k\u00f5rge tumenemise efekt.<\/p>\n","protected":false},"excerpt":{"rendered":"<p>8809432670803<\/p>\n","protected":false},"featured_media":107770,"comment_status":"open","ping_status":"closed","template":"","meta":{"colormag_page_container_layout":"default_layout","colormag_page_sidebar_layout":"default_layout"},"product_brand":[],"product_cat":[128],"product_tag":[],"class_list":{"0":"post-107773","1":"product","2":"type-product","3":"status-publish","4":"has-post-thumbnail","6":"product_cat-autokeemia","8":"first","9":"instock","10":"shipping-taxable","11":"purchasable","12":"product-type-simple"},"_links":{"self":[{"href":"https:\/\/automatic.ee\/ru\/wp-json\/wp\/v2\/product\/107773","targetHints":{"allow":["GET"]}}],"collection":[{"href":"https:\/\/automatic.ee\/ru\/wp-json\/wp\/v2\/product"}],"about":[{"href":"https:\/\/automatic.ee\/ru\/wp-json\/wp\/v2\/types\/product"}],"replies":[{"embeddable":true,"href":"https:\/\/automatic.ee\/ru\/wp-json\/wp\/v2\/comments?post=107773"}],"wp:featuredmedia":[{"embeddable":true,"href":"https:\/\/automatic.ee\/ru\/wp-json\/wp\/v2\/media\/107770"}],"wp:attachment":[{"href":"https:\/\/automatic.ee\/ru\/wp-json\/wp\/v2\/media?parent=107773"}],"wp:term":[{"taxonomy":"product_brand","embeddable":true,"href":"https:\/\/automatic.ee\/ru\/wp-json\/wp\/v2\/product_brand?post=107773"},{"taxonomy":"product_cat","embeddable":true,"href":"https:\/\/automatic.ee\/ru\/wp-json\/wp\/v2\/product_cat?post=107773"},{"taxonomy":"product_tag","embeddable":true,"href":"https:\/\/automatic.ee\/ru\/wp-json\/wp\/v2\/product_tag?post=107773"}],"curies":[{"name":"wp","href":"https:\/\/api.w.org\/{rel}","templated":true}]}}