{"id":107765,"date":"2025-11-04T04:33:58","date_gmt":"2025-11-04T02:33:58","guid":{"rendered":"https:\/\/automatic.ee\/toode\/rauasademete-eemaldaja-500ml-2\/"},"modified":"2025-11-04T04:33:58","modified_gmt":"2025-11-04T02:33:58","slug":"rauasademete-eemaldaja-500ml-2","status":"publish","type":"product","link":"https:\/\/automatic.ee\/ru\/toode\/rauasademete-eemaldaja-500ml-2\/","title":{"rendered":"RAUASADEMETE EEMALDAJA 500ML"},"content":{"rendered":"<p>Q\u00b2M raud on \u00fcks t\u00f5husamaid. kiiresti reageerivaid rauaeemaldajaid turul. See toode on spetsiaalselt v\u00e4lja t\u00f6\u00f6tatud pindade puhastamiseks karmidest mustmetallidest nagu piduritolm ja r\u00f6\u00f6ptolm. mis teeb intensiivse puhastuse lihtsaks nii harrastajatele kui ka detailijatele.<\/p>\n","protected":false},"excerpt":{"rendered":"<p>8809432670902<\/p>\n","protected":false},"featured_media":107762,"comment_status":"open","ping_status":"closed","template":"","meta":{"colormag_page_container_layout":"default_layout","colormag_page_sidebar_layout":"default_layout"},"product_brand":[],"product_cat":[128],"product_tag":[],"class_list":{"0":"post-107765","1":"product","2":"type-product","3":"status-publish","4":"has-post-thumbnail","6":"product_cat-autokeemia","8":"first","9":"instock","10":"shipping-taxable","11":"purchasable","12":"product-type-simple"},"_links":{"self":[{"href":"https:\/\/automatic.ee\/ru\/wp-json\/wp\/v2\/product\/107765","targetHints":{"allow":["GET"]}}],"collection":[{"href":"https:\/\/automatic.ee\/ru\/wp-json\/wp\/v2\/product"}],"about":[{"href":"https:\/\/automatic.ee\/ru\/wp-json\/wp\/v2\/types\/product"}],"replies":[{"embeddable":true,"href":"https:\/\/automatic.ee\/ru\/wp-json\/wp\/v2\/comments?post=107765"}],"wp:featuredmedia":[{"embeddable":true,"href":"https:\/\/automatic.ee\/ru\/wp-json\/wp\/v2\/media\/107762"}],"wp:attachment":[{"href":"https:\/\/automatic.ee\/ru\/wp-json\/wp\/v2\/media?parent=107765"}],"wp:term":[{"taxonomy":"product_brand","embeddable":true,"href":"https:\/\/automatic.ee\/ru\/wp-json\/wp\/v2\/product_brand?post=107765"},{"taxonomy":"product_cat","embeddable":true,"href":"https:\/\/automatic.ee\/ru\/wp-json\/wp\/v2\/product_cat?post=107765"},{"taxonomy":"product_tag","embeddable":true,"href":"https:\/\/automatic.ee\/ru\/wp-json\/wp\/v2\/product_tag?post=107765"}],"curies":[{"name":"wp","href":"https:\/\/api.w.org\/{rel}","templated":true}]}}