{"id":107737,"date":"2025-11-04T04:33:33","date_gmt":"2025-11-04T02:33:33","guid":{"rendered":"https:\/\/automatic.ee\/toode\/rasvaeemaldaja-500ml-2\/"},"modified":"2025-11-04T04:33:33","modified_gmt":"2025-11-04T02:33:33","slug":"rasvaeemaldaja-500ml-2","status":"publish","type":"product","link":"https:\/\/automatic.ee\/ru\/toode\/rasvaeemaldaja-500ml-2\/","title":{"rendered":"RASVAEEMALDAJA  500ML"},"content":{"rendered":"<p>Vastupidiselt teistele turul saadavatele rasvaeemaldajatele ei eemalda see mitte ainult \u00f5liseid aineid ja pastasid v\u00f5i vana vaha j\u00e4\u00e4ke. vaid on ka v\u00e4ga v\u00f5imeline neid lahustama. mist\u00f5ttu nende eemaldamine on palju lihtsam.<\/p>\n","protected":false},"excerpt":{"rendered":"<p>8809432671015<\/p>\n","protected":false},"featured_media":107734,"comment_status":"open","ping_status":"closed","template":"","meta":{"colormag_page_container_layout":"default_layout","colormag_page_sidebar_layout":"default_layout"},"product_brand":[],"product_cat":[128],"product_tag":[],"class_list":{"0":"post-107737","1":"product","2":"type-product","3":"status-publish","4":"has-post-thumbnail","6":"product_cat-autokeemia","8":"first","9":"instock","10":"shipping-taxable","11":"purchasable","12":"product-type-simple"},"_links":{"self":[{"href":"https:\/\/automatic.ee\/ru\/wp-json\/wp\/v2\/product\/107737","targetHints":{"allow":["GET"]}}],"collection":[{"href":"https:\/\/automatic.ee\/ru\/wp-json\/wp\/v2\/product"}],"about":[{"href":"https:\/\/automatic.ee\/ru\/wp-json\/wp\/v2\/types\/product"}],"replies":[{"embeddable":true,"href":"https:\/\/automatic.ee\/ru\/wp-json\/wp\/v2\/comments?post=107737"}],"wp:featuredmedia":[{"embeddable":true,"href":"https:\/\/automatic.ee\/ru\/wp-json\/wp\/v2\/media\/107734"}],"wp:attachment":[{"href":"https:\/\/automatic.ee\/ru\/wp-json\/wp\/v2\/media?parent=107737"}],"wp:term":[{"taxonomy":"product_brand","embeddable":true,"href":"https:\/\/automatic.ee\/ru\/wp-json\/wp\/v2\/product_brand?post=107737"},{"taxonomy":"product_cat","embeddable":true,"href":"https:\/\/automatic.ee\/ru\/wp-json\/wp\/v2\/product_cat?post=107737"},{"taxonomy":"product_tag","embeddable":true,"href":"https:\/\/automatic.ee\/ru\/wp-json\/wp\/v2\/product_tag?post=107737"}],"curies":[{"name":"wp","href":"https:\/\/api.w.org\/{rel}","templated":true}]}}