{"id":107705,"date":"2025-11-04T04:33:02","date_gmt":"2025-11-04T02:33:02","guid":{"rendered":"https:\/\/automatic.ee\/toode\/hudrofoobne-kate-1l-2\/"},"modified":"2025-11-04T04:33:02","modified_gmt":"2025-11-04T02:33:02","slug":"hudrofoobne-kate-1l-2","status":"publish","type":"product","link":"https:\/\/automatic.ee\/ru\/toode\/hudrofoobne-kate-1l-2\/","title":{"rendered":"H\u00dcDROFOOBNE KATE 1L"},"content":{"rendered":"<p>Q\u00b2M WetCoat on koheselt toimiv. v\u00e4ga lihtsasti kasutatav h\u00fcdrofoobsuse lisaja. Lihtsalt pihusta pestud autole peale ja loputa maha. Kuigi pealekandmine on kerge. j\u00e4tab Q\u00b2M WetCoat kestva ja keemiale vastupidava kihi.<\/p>\n<p>GYEON<\/p>\n<p>8809432671312<\/p>\n<p>Q2M<\/p>\n","protected":false},"excerpt":{"rendered":"<p>8809432671312<\/p>\n","protected":false},"featured_media":107702,"comment_status":"open","ping_status":"closed","template":"","meta":{"colormag_page_container_layout":"default_layout","colormag_page_sidebar_layout":"default_layout"},"product_brand":[],"product_cat":[128],"product_tag":[],"class_list":{"0":"post-107705","1":"product","2":"type-product","3":"status-publish","4":"has-post-thumbnail","6":"product_cat-autokeemia","8":"first","9":"instock","10":"shipping-taxable","11":"purchasable","12":"product-type-simple"},"_links":{"self":[{"href":"https:\/\/automatic.ee\/ru\/wp-json\/wp\/v2\/product\/107705","targetHints":{"allow":["GET"]}}],"collection":[{"href":"https:\/\/automatic.ee\/ru\/wp-json\/wp\/v2\/product"}],"about":[{"href":"https:\/\/automatic.ee\/ru\/wp-json\/wp\/v2\/types\/product"}],"replies":[{"embeddable":true,"href":"https:\/\/automatic.ee\/ru\/wp-json\/wp\/v2\/comments?post=107705"}],"wp:featuredmedia":[{"embeddable":true,"href":"https:\/\/automatic.ee\/ru\/wp-json\/wp\/v2\/media\/107702"}],"wp:attachment":[{"href":"https:\/\/automatic.ee\/ru\/wp-json\/wp\/v2\/media?parent=107705"}],"wp:term":[{"taxonomy":"product_brand","embeddable":true,"href":"https:\/\/automatic.ee\/ru\/wp-json\/wp\/v2\/product_brand?post=107705"},{"taxonomy":"product_cat","embeddable":true,"href":"https:\/\/automatic.ee\/ru\/wp-json\/wp\/v2\/product_cat?post=107705"},{"taxonomy":"product_tag","embeddable":true,"href":"https:\/\/automatic.ee\/ru\/wp-json\/wp\/v2\/product_tag?post=107705"}],"curies":[{"name":"wp","href":"https:\/\/api.w.org\/{rel}","templated":true}]}}