{"id":107669,"date":"2025-11-04T04:32:27","date_gmt":"2025-11-04T02:32:27","guid":{"rendered":"https:\/\/automatic.ee\/toode\/bituumeni-puhastusvahend-500ml-2\/"},"modified":"2025-11-04T04:32:27","modified_gmt":"2025-11-04T02:32:27","slug":"bituumeni-puhastusvahend-500ml-2","status":"publish","type":"product","link":"https:\/\/automatic.ee\/ru\/toode\/bituumeni-puhastusvahend-500ml-2\/","title":{"rendered":"BITUUMENI PUHASTUSVAHEND 500ml"},"content":{"rendered":"<p>Erinevalt enamikust t\u00f5rvaeemaldajatest ei m\u00f5juta Q\u00b2M Tar \u00fchtegi v\u00e4lispinda ja on kere suhtes ohutu. Seda saab kasutada nii v\u00e4rvitud kui ka v\u00e4rvimata pindadel. klaasil. plastil. Toode on pH-neutraalne.<\/p>\n","protected":false},"excerpt":{"rendered":"<p>8809432671701<\/p>\n","protected":false},"featured_media":107666,"comment_status":"open","ping_status":"closed","template":"","meta":{"colormag_page_container_layout":"default_layout","colormag_page_sidebar_layout":"default_layout"},"product_brand":[],"product_cat":[128],"product_tag":[],"class_list":{"0":"post-107669","1":"product","2":"type-product","3":"status-publish","4":"has-post-thumbnail","6":"product_cat-autokeemia","8":"first","9":"instock","10":"shipping-taxable","11":"purchasable","12":"product-type-simple"},"_links":{"self":[{"href":"https:\/\/automatic.ee\/ru\/wp-json\/wp\/v2\/product\/107669","targetHints":{"allow":["GET"]}}],"collection":[{"href":"https:\/\/automatic.ee\/ru\/wp-json\/wp\/v2\/product"}],"about":[{"href":"https:\/\/automatic.ee\/ru\/wp-json\/wp\/v2\/types\/product"}],"replies":[{"embeddable":true,"href":"https:\/\/automatic.ee\/ru\/wp-json\/wp\/v2\/comments?post=107669"}],"wp:featuredmedia":[{"embeddable":true,"href":"https:\/\/automatic.ee\/ru\/wp-json\/wp\/v2\/media\/107666"}],"wp:attachment":[{"href":"https:\/\/automatic.ee\/ru\/wp-json\/wp\/v2\/media?parent=107669"}],"wp:term":[{"taxonomy":"product_brand","embeddable":true,"href":"https:\/\/automatic.ee\/ru\/wp-json\/wp\/v2\/product_brand?post=107669"},{"taxonomy":"product_cat","embeddable":true,"href":"https:\/\/automatic.ee\/ru\/wp-json\/wp\/v2\/product_cat?post=107669"},{"taxonomy":"product_tag","embeddable":true,"href":"https:\/\/automatic.ee\/ru\/wp-json\/wp\/v2\/product_tag?post=107669"}],"curies":[{"name":"wp","href":"https:\/\/api.w.org\/{rel}","templated":true}]}}